{"id":12567,"date":"2023-11-14T12:22:02","date_gmt":"2023-11-14T11:22:02","guid":{"rendered":"https:\/\/www.vendolupulo.es\/?post_type=product&#038;p=12567"},"modified":"2025-02-25T19:33:18","modified_gmt":"2025-02-25T18:33:18","slug":"hallertau-blanc-rizoma-de-invierno","status":"publish","type":"product","link":"https:\/\/www.vendolupulo.es\/en\/tienda\/hallertau-blanc-rizoma-de-invierno\/","title":{"rendered":"Hallertau Blanc rizoma de invierno"},"content":{"rendered":"<h2><strong>Caracter\u00edsticas de la variedad de l\u00fapulo Hallertau Blanc rizoma de invierno:<\/strong><\/h2>\n<p>La variedad de l\u00fapulo Hallertau Blanc rizoma de invierno es una variedad arom\u00e1tica. Origen Alemania. En la cerveza se utiliza para el <a href=\"\/etiqueta-producto\/aroma\/\">aroma<\/a>.<\/p>\n<p>Hallertau Blanc es hija de Cascade. Su uso en cevezas artesanas est\u00e1 sobre todo en Ales de estilo americano. Se dice que el perfil de sabor de Hallertau Blanc es afrutado, con cualidades de vino de grosella y herbal, similar al del vino Sauvignon Blanc. Tambi\u00e9n presenta un perfil de aroma complejo floral, a uvas, pomelo y limoncillo.<\/p>\n<p>______________________________________________________________________________________<\/p>\n<h3>Caracter\u00edsticas:<\/h3>\n<p><strong>Nombre L\u00fapulo: <\/strong>Hallertau Blanc<\/p>\n<p><strong>Pa\u00eds:<\/strong> <span class=\"tagged_as\"><a href=\"https:\/\/www.vendolupulo.es\/etiqueta-producto\/alemania\/\" rel=\"tag\">Alemania<\/a><\/span><\/p>\n<p><strong>Alfa \u00c1cidos:\u00a0<\/strong>9%-12%<\/p>\n<p><strong>Beta \u00c1cidos:\u00a0<\/strong>4.5%-6%<\/p>\n<p><strong>Cohumulona:<\/strong> 22%-26%<\/p>\n<p><strong>Aceites totales:<\/strong> 0.8-1.5 mL\/100g<\/p>\n<p><strong>Estilo de cerveza t\u00edpico: <\/strong> <a href=\"https:\/\/www.vendolupulo.es\/etiqueta-producto\/american-ale\/\" rel=\"tag\">American Ale<\/a>, <a href=\"https:\/\/www.vendolupulo.es\/etiqueta-producto\/apa-american-pale-ale\/\" rel=\"tag\">APA &#8211; American Pale Ale<\/a>, <a href=\"https:\/\/www.vendolupulo.es\/etiqueta-producto\/neipa-new-england-indian-pale-ale\/\" rel=\"tag\">NEIPA New England Indian Pale Ale<\/a>, <a href=\"https:\/\/www.vendolupulo.es\/etiqueta-producto\/pilsen\/\" rel=\"tag\">Pilsen<\/a><\/p>\n<p><strong>Sabores y aromas T\u00edpicos: <\/strong><span class=\"tagged_as\"> <a href=\"https:\/\/www.vendolupulo.es\/etiqueta-producto\/floral\/\" rel=\"tag\">Floral<\/a>, <a href=\"https:\/\/www.vendolupulo.es\/etiqueta-producto\/frutas-del-bosque\/\" rel=\"tag\">Frutas del Bosque<\/a>, <a href=\"https:\/\/www.vendolupulo.es\/etiqueta-producto\/herbal\/\" rel=\"tag\">Herbal<\/a><\/span><\/p>\n<p><strong>Posibles variedades sustitutas: <\/strong>??<\/p>\n<h3>Cultivo Hallertau Blanc rizoma de invierno:<\/h3>\n<p>Rizoma para trasplantar en maceta m\u00e1s grande (a partir de 20 litros) o en el terreno (<a href=\"https:\/\/www.lupulosdeleon.es\/proceso-cultivo-del-lupulo\/\">recomendado<\/a>).<\/p>\n<p>Se planta durante la primavera.<\/p>\n<p>Enviamos una gu\u00eda de cultivo en PDF.<\/p>\n<p>______________________________________________________________________________________<\/p>\n<h4>Garant\u00eda Vendolupulo.es<\/h4>\n<p>Es importante que la planta est\u00e9 libre de virus y enfermedades.<\/p>\n<p>Estamos inscritos en el Registro Oficial de Proveedores de vegetales de Castilla y Le\u00f3n (ROPCYL). Todas nuestras plantas van acompa\u00f1adas por el pasaporte fitosanitario europeo. El pasaporte fitosanitario nos obliga a cumplir unos est\u00e1ndares rigurosos.<\/p>\n","protected":false},"excerpt":{"rendered":"<p>Caracter\u00edsticas de la variedad de l\u00fapulo Hallertau Blanc rizoma de invierno: La variedad de l\u00fapulo Hallertau Blanc rizoma de invierno es una&hellip;<\/p>\n","protected":false},"featured_media":11782,"comment_status":"open","ping_status":"closed","template":"","meta":{"_acf_changed":false},"pwb-brand":[459],"product_cat":[42],"product_tag":[73,379,360,115,199,201,205,387,356],"class_list":{"0":"post-12567","1":"product","2":"type-product","3":"status-publish","4":"has-post-thumbnail","6":"pwb-brand-vendolupulo","7":"product_cat-rizomas-de-invierno","8":"product_tag-alemania","9":"product_tag-american-ale","10":"product_tag-apa-american-pale-ale","11":"product_tag-aroma","12":"product_tag-citrico","13":"product_tag-fruta-tropical","14":"product_tag-frutas-del-bosque","15":"product_tag-neipa-new-england-indian-pale-ale","16":"product_tag-pilsen","18":"first","19":"outofstock","20":"taxable","21":"shipping-taxable","22":"purchasable","23":"product-type-simple"},"bundled_by":[],"bundle_stock_status":"outofstock","bundle_stock_quantity":0,"bundle_virtual":false,"bundle_layout":"","bundle_add_to_cart_form_location":"","bundle_editable_in_cart":false,"bundle_sold_individually_context":"","bundle_item_grouping":"","bundle_min_size":"","bundle_max_size":"","bundle_price":[],"bundled_items":[],"bundle_sell_ids":[],"aioseo_notices":[],"acf":[],"brands":[{"id":459,"name":"Vendolupulo","slug":"vendolupulo"}],"_links":{"self":[{"href":"https:\/\/www.vendolupulo.es\/en\/wp-json\/wp\/v2\/product\/12567","targetHints":{"allow":["GET"]}}],"collection":[{"href":"https:\/\/www.vendolupulo.es\/en\/wp-json\/wp\/v2\/product"}],"about":[{"href":"https:\/\/www.vendolupulo.es\/en\/wp-json\/wp\/v2\/types\/product"}],"replies":[{"embeddable":true,"href":"https:\/\/www.vendolupulo.es\/en\/wp-json\/wp\/v2\/comments?post=12567"}],"wp:featuredmedia":[{"embeddable":true,"href":"https:\/\/www.vendolupulo.es\/en\/wp-json\/wp\/v2\/media\/11782"}],"wp:attachment":[{"href":"https:\/\/www.vendolupulo.es\/en\/wp-json\/wp\/v2\/media?parent=12567"}],"wp:term":[{"taxonomy":"pwb-brand","embeddable":true,"href":"https:\/\/www.vendolupulo.es\/en\/wp-json\/wp\/v2\/pwb-brand?post=12567"},{"taxonomy":"product_cat","embeddable":true,"href":"https:\/\/www.vendolupulo.es\/en\/wp-json\/wp\/v2\/product_cat?post=12567"},{"taxonomy":"product_tag","embeddable":true,"href":"https:\/\/www.vendolupulo.es\/en\/wp-json\/wp\/v2\/product_tag?post=12567"}],"curies":[{"name":"wp","href":"https:\/\/api.w.org\/{rel}","templated":true}]}}