{"id":16751,"date":"2025-12-17T16:36:33","date_gmt":"2025-12-17T15:36:33","guid":{"rendered":"https:\/\/www.vendolupulo.es\/?post_type=product&#038;p=16751"},"modified":"2026-05-05T01:16:31","modified_gmt":"2026-05-04T23:16:31","slug":"columbus-lupulo-en-pellet","status":"publish","type":"product","link":"https:\/\/www.vendolupulo.es\/en\/tienda\/columbus-lupulo-en-pellet\/","title":{"rendered":"Columbus l\u00fapulo en pellet"},"content":{"rendered":"<h2><strong>Descripci\u00f3n de Columbus l\u00fapulo en pellet:<\/strong><\/h2>\n<p>La variedad <strong>Columbus l\u00fapulo en pellet<\/strong> es un l\u00fapulo que se puede utilizar en todas las adiciones de l\u00fapulo durante el proceso de elaboraci\u00f3n de cerveza.<\/p>\n<p>Los aromas y sabores se describen como c\u00edtrico, terroso, pimienta negra, regaliz y especias, Las notas florales y c\u00edtricas del l\u00fapulo Columbus se manifiestan tanto en aroma como en sabor. Este fuerte sabor y aroma hacen que el l\u00fapulo Columbus sea ideal para adiciones tard\u00edas en los estilos de cerveza donde se suele utilizar como las IPAs o Imperial Stout.<\/p>\n<p>Los alfa-\u00e1cidos de la cosecha de 2025 para la variedad Columbus son del\u00a0 12,2%.<\/p>\n<h3>Caracter\u00edsticas:<\/h3>\n<p><strong>Nombre L\u00fapulo: <\/strong>Columbus<\/p>\n<p><strong>Pa\u00eds: <\/strong>Estados Unidos<\/p>\n<p><strong>Alfa \u00c1cidos:\u00a0<\/strong> 12,2 %<\/p>\n<p><strong>Beta \u00c1cidos: <\/strong>4.5-6%<\/p>\n<p><strong>Estilo de cerveza t\u00edpico:<\/strong> <span class=\"tagged_as\"> <a href=\"https:\/\/www.vendolupulo.es\/etiqueta-producto\/american-ale\/\" rel=\"tag\">American Ale<\/a>, <a href=\"https:\/\/www.vendolupulo.es\/etiqueta-producto\/barley-wine\/\" rel=\"tag\">Barley wine<\/a>, <a href=\"https:\/\/www.vendolupulo.es\/etiqueta-producto\/imperial-stout\/\" rel=\"tag\">Imperial Stout<\/a>, <a href=\"https:\/\/www.vendolupulo.es\/etiqueta-producto\/ipa-indian-pale-ale\/\" rel=\"tag\">IPA Indian Pale Ale<\/a><\/span><\/p>\n<p><strong>Sabores y aromas T\u00edpicos:<\/strong> <a href=\"https:\/\/www.vendolupulo.es\/etiqueta-producto\/citrico\/\" rel=\"tag\">C\u00edtrico<\/a>, <a href=\"https:\/\/www.vendolupulo.es\/etiqueta-producto\/especias\/\" rel=\"tag\">Especias<\/a>, <a href=\"https:\/\/www.vendolupulo.es\/etiqueta-producto\/lenoso\/\" rel=\"tag\">Le\u00f1oso<\/a><\/p>\n<p><strong>Posibles variedades sustitutas:<\/strong> Chinook, Zeus<\/p>\n<h3>Garant\u00eda de calidad:<\/h3>\n<p>Nuestros l\u00fapulos se entregan con todas las anal\u00edticas y certificados requeridos seg\u00fan normativa. De esta forma, los cerveceros caseros tendr\u00e1n, como las cerveceras, toda la documentaci\u00f3n necesaria para conocer la trazabilidad del producto certificado. Los homebrewers y aficionados a hacer cerveza, podr\u00e1n saber con exactitud los alfas y otros compuestos.<\/p>\n<p>Si eres una cervecera o micro-cervecer\u00eda puede <a href=\"https:\/\/www.vendolupulo.es\/contacto\/\">ponerse en contacto<\/a> para solicitar formatos de 1 o 5 kg.<\/p>\n","protected":false},"excerpt":{"rendered":"<p>Variedad Columbus l\u00fapulo en pellet <strong>Cosecha 2025<\/strong>. <strong>12,2 % alfa-\u00e1cidos<\/strong>.<\/p>\n<p>Este l\u00fapulo ha sido <strong>cultivado, cosechado y envasado en Le\u00f3n<\/strong>. El envase se realiza en bolsa met\u00e1lica con atm\u00f3sfera inerte. Producto de cercan\u00eda y comercio justo.<\/p>\n","protected":false},"featured_media":16911,"comment_status":"open","ping_status":"closed","template":"","meta":{"_acf_changed":false},"pwb-brand":[474],"product_cat":[430],"product_tag":[199,71,375,354,200,135,352,362],"class_list":{"0":"post-16751","1":"product","2":"type-product","3":"status-publish","4":"has-post-thumbnail","6":"pwb-brand-lupulos-y-maltas-del-centro","7":"product_cat-lupulo-pellet","8":"product_tag-citrico","9":"product_tag-estados-unidos","10":"product_tag-imperial-stout","11":"product_tag-lager","12":"product_tag-lenoso","13":"product_tag-multiuso","14":"product_tag-pale-ale","15":"product_tag-porter","17":"first","18":"instock","19":"taxable","20":"shipping-taxable","21":"purchasable","22":"product-type-variable","23":"has-default-attributes"},"bundled_by":[],"bundle_stock_status":"instock","bundle_stock_quantity":null,"bundle_virtual":false,"bundle_layout":"","bundle_add_to_cart_form_location":"","bundle_editable_in_cart":false,"bundle_sold_individually_context":"","bundle_item_grouping":"","bundle_min_size":"","bundle_max_size":"","bundle_price":[],"bundled_items":[],"bundle_sell_ids":[],"aioseo_notices":[],"acf":[],"brands":[{"id":474,"name":"L\u00fapulos y Maltas del Centro","slug":"lupulos-y-maltas-del-centro"}],"_links":{"self":[{"href":"https:\/\/www.vendolupulo.es\/en\/wp-json\/wp\/v2\/product\/16751","targetHints":{"allow":["GET"]}}],"collection":[{"href":"https:\/\/www.vendolupulo.es\/en\/wp-json\/wp\/v2\/product"}],"about":[{"href":"https:\/\/www.vendolupulo.es\/en\/wp-json\/wp\/v2\/types\/product"}],"replies":[{"embeddable":true,"href":"https:\/\/www.vendolupulo.es\/en\/wp-json\/wp\/v2\/comments?post=16751"}],"wp:featuredmedia":[{"embeddable":true,"href":"https:\/\/www.vendolupulo.es\/en\/wp-json\/wp\/v2\/media\/16911"}],"wp:attachment":[{"href":"https:\/\/www.vendolupulo.es\/en\/wp-json\/wp\/v2\/media?parent=16751"}],"wp:term":[{"taxonomy":"pwb-brand","embeddable":true,"href":"https:\/\/www.vendolupulo.es\/en\/wp-json\/wp\/v2\/pwb-brand?post=16751"},{"taxonomy":"product_cat","embeddable":true,"href":"https:\/\/www.vendolupulo.es\/en\/wp-json\/wp\/v2\/product_cat?post=16751"},{"taxonomy":"product_tag","embeddable":true,"href":"https:\/\/www.vendolupulo.es\/en\/wp-json\/wp\/v2\/product_tag?post=16751"}],"curies":[{"name":"wp","href":"https:\/\/api.w.org\/{rel}","templated":true}]}}