{"id":18287,"date":"2025-12-17T16:31:40","date_gmt":"2025-12-17T15:31:40","guid":{"rendered":"https:\/\/www.vendolupulo.es\/?post_type=product&#038;p=18287"},"modified":"2026-01-05T15:43:24","modified_gmt":"2026-01-05T14:43:24","slug":"centennial-lupulo-en-flor","status":"publish","type":"product","link":"https:\/\/www.vendolupulo.es\/en\/tienda\/centennial-lupulo-en-flor\/","title":{"rendered":"Centennial l\u00fapulo en flor"},"content":{"rendered":"<h2><strong>Descripci\u00f3n de Centennial l\u00fapulo en flor:<\/strong><\/h2>\n<p>La variedad Centennial l\u00fapulo en flor se ha convertido en una de las variedades de l\u00fapulo m\u00e1s utilizadas por los cerveceros caseros, por sus caracter\u00edsticas c\u00edtricas y de suave pino. Centennial es el l\u00fapulo destacado en IPAs legendarias.<\/p>\n<p>Aromas: C\u00edtrico, floral, pino y mandarinas.<\/p>\n<p>Los alfa-\u00e1cidos de la cosecha de 2025 para la variedad Centennial son del\u00a0 8,4 %.<\/p>\n<h3>Caracter\u00edsticas:<\/h3>\n<p><strong>Nombre L\u00fapulo: <\/strong>Centennial<\/p>\n<p><strong>Pa\u00eds: <\/strong>Estados Unidos<\/p>\n<p><strong>Alfa \u00c1cidos:\u00a0<\/strong> 8,4 %<\/p>\n<p><strong>Beta \u00c1cidos: <\/strong>3.5-5.5%<\/p>\n<p><strong>Estilo de cerveza t\u00edpico:<\/strong> <a href=\"https:\/\/www.vendolupulo.es\/etiqueta-producto\/ipa-indian-pale-ale\/\">IPA <\/a><span class=\"tagged_as\"><a href=\"https:\/\/www.vendolupulo.es\/etiqueta-producto\/ipa-indian-pale-ale\/\">Indian Pale Ale<\/a>, <a href=\"https:\/\/www.vendolupulo.es\/etiqueta-producto\/apa-american-pale-ale\/\">APA American Pale Ale<\/a>, <a href=\"https:\/\/www.vendolupulo.es\/etiqueta-producto\/doble-ipa\/\">Doble IPA<\/a><br \/>\n<\/span><\/p>\n<p><strong>Sabores y aromas T\u00edpicos:<\/strong> <a href=\"https:\/\/www.vendolupulo.es\/etiqueta-producto\/citrico\/\">C\u00edtrico<\/a>, <a href=\"https:\/\/www.vendolupulo.es\/etiqueta-producto\/floral\/\">Floral,<\/a> <a href=\"https:\/\/www.vendolupulo.es\/etiqueta-producto\/lenoso\/\">Le\u00f1oso<\/a><\/p>\n<p><strong>Posibles variedades sustitutas:<\/strong> Centennial, Amarillo<\/p>\n<h3>Garant\u00eda de calidad:<\/h3>\n<p>Nuestros l\u00fapulos se entregan con todas las anal\u00edticas y certificados requeridos seg\u00fan normativa. De esta forma, los cerveceros caseros tendr\u00e1n, como las cerveceras, toda la documentaci\u00f3n necesaria para conocer la trazabilidad del producto certificado. Los homebrewers y aficionados a hacer cerveza, podr\u00e1n saber con exactitud los alfas y otros compuestos que poseen las variedades que adquieran.<\/p>\n<p>Si eres una cervecera o micro-cervecer\u00eda puede <a href=\"https:\/\/www.vendolupulo.es\/contacto\/\">ponerse en contacto<\/a> para solicitar formatos de 1 o 5 kg.<\/p>\n<p>&nbsp;<\/p>\n","protected":false},"excerpt":{"rendered":"<p>Variedad Centennial l\u00fapulo en flor Cosecha 2025. <strong>8,4 % alfa-\u00e1cidos.<\/strong><\/p>\n<p>Este l\u00fapulo ha sido <strong>cultivado, cosechado y envasado en Le\u00f3n<\/strong>. El envase se realiza en bolsa met\u00e1lica con atm\u00f3sfera inerte. Producto de cercan\u00eda y comercio justo.<\/p>\n","protected":false},"featured_media":18274,"comment_status":"open","ping_status":"closed","template":"","meta":{"_acf_changed":false},"pwb-brand":[],"product_cat":[31],"product_tag":[360,199,374,71,198,375,183,200,135],"class_list":{"0":"post-18287","1":"product","2":"type-product","3":"status-publish","4":"has-post-thumbnail","6":"product_cat-lupulo-flor","7":"product_tag-apa-american-pale-ale","8":"product_tag-citrico","9":"product_tag-doble-ipa","10":"product_tag-estados-unidos","11":"product_tag-floral","12":"product_tag-imperial-stout","13":"product_tag-ipa-indian-pale-ale","14":"product_tag-lenoso","15":"product_tag-multiuso","17":"first","18":"outofstock","19":"taxable","20":"shipping-taxable","21":"purchasable","22":"product-type-variable","23":"has-default-attributes"},"bundled_by":[],"bundle_stock_status":"outofstock","bundle_stock_quantity":null,"bundle_virtual":false,"bundle_layout":"","bundle_add_to_cart_form_location":"","bundle_editable_in_cart":false,"bundle_sold_individually_context":"","bundle_item_grouping":"","bundle_min_size":"","bundle_max_size":"","bundle_price":[],"bundled_items":[],"bundle_sell_ids":[],"aioseo_notices":[],"acf":[],"brands":[],"_links":{"self":[{"href":"https:\/\/www.vendolupulo.es\/en\/wp-json\/wp\/v2\/product\/18287","targetHints":{"allow":["GET"]}}],"collection":[{"href":"https:\/\/www.vendolupulo.es\/en\/wp-json\/wp\/v2\/product"}],"about":[{"href":"https:\/\/www.vendolupulo.es\/en\/wp-json\/wp\/v2\/types\/product"}],"replies":[{"embeddable":true,"href":"https:\/\/www.vendolupulo.es\/en\/wp-json\/wp\/v2\/comments?post=18287"}],"wp:featuredmedia":[{"embeddable":true,"href":"https:\/\/www.vendolupulo.es\/en\/wp-json\/wp\/v2\/media\/18274"}],"wp:attachment":[{"href":"https:\/\/www.vendolupulo.es\/en\/wp-json\/wp\/v2\/media?parent=18287"}],"wp:term":[{"taxonomy":"pwb-brand","embeddable":true,"href":"https:\/\/www.vendolupulo.es\/en\/wp-json\/wp\/v2\/pwb-brand?post=18287"},{"taxonomy":"product_cat","embeddable":true,"href":"https:\/\/www.vendolupulo.es\/en\/wp-json\/wp\/v2\/product_cat?post=18287"},{"taxonomy":"product_tag","embeddable":true,"href":"https:\/\/www.vendolupulo.es\/en\/wp-json\/wp\/v2\/product_tag?post=18287"}],"curies":[{"name":"wp","href":"https:\/\/api.w.org\/{rel}","templated":true}]}}