{"id":18914,"date":"2026-03-13T12:50:50","date_gmt":"2026-03-13T11:50:50","guid":{"rendered":"https:\/\/www.vendolupulo.es\/?post_type=product&#038;p=18914"},"modified":"2026-03-14T14:46:28","modified_gmt":"2026-03-14T13:46:28","slug":"sorachi-ace-lote-de-rizomas","status":"publish","type":"product","link":"https:\/\/www.vendolupulo.es\/en\/tienda\/sorachi-ace-lote-de-rizomas\/","title":{"rendered":"Sorachi Ace lote de rizomas"},"content":{"rendered":"<h2><strong>Descripci\u00f3n de Sorachi Ace lote de rizomas:<\/strong><\/h2>\n<p>\u00bfQu\u00e9 es Sorachi Ace lote de rizomas? Son lotes de 50 o 100 rizomas de l\u00fapulo de la variedad Sorachi Ace. Est\u00e1n pensados para plantaciones medianas de cultivo del l\u00fapulo.<\/p>\n<p>El esqueje de rizoma de la variedad Sorachi Ace, se adapta a una gran variedad de climas.<\/p>\n<p>La variedad de l\u00fapulo Sorahci Ace se utiliza para dar un fresco aroma herbal y floral.<\/p>\n<h3>Caracter\u00edsticas:<\/h3>\n<p><strong>Nombre L\u00fapulo: <\/strong>Sorachi Ace<\/p>\n<p><strong>Pa\u00eds: <\/strong><a href=\"https:\/\/www.vendolupulo.es\/etiqueta-producto\/japon\/\" rel=\"tag\">Jap\u00f3n<\/a><\/p>\n<p><strong>Alfa \u00c1cidos:\u00a0<\/strong>11.5%-16%<\/p>\n<p><strong>Beta \u00c1cidos:\u00a0<\/strong>6%-7.5%<\/p>\n<p><strong>Cohumulona:<\/strong> 23%-28%<\/p>\n<p><strong>Aceites totales:<\/strong> 1.5-3 mL\/100g<\/p>\n<p><strong>Estilo de cerveza t\u00edpico: <\/strong><a href=\"https:\/\/www.vendolupulo.es\/etiqueta-producto\/ipa-indian-pale-ale\/\" rel=\"tag\">IPA Indian Pale Ale<\/a>, <a href=\"https:\/\/www.vendolupulo.es\/etiqueta-producto\/lager\/\" rel=\"tag\">Lager<\/a>, <a href=\"https:\/\/www.vendolupulo.es\/etiqueta-producto\/pale-ale\/\" rel=\"tag\">Pale Ale<\/a>, <a href=\"https:\/\/www.vendolupulo.es\/etiqueta-producto\/triplel\/\" rel=\"tag\">Triplel<\/a><\/p>\n<p><strong>Sabores y aromas T\u00edpicos: <\/strong><span class=\"tagged_as\"><a href=\"https:\/\/www.vendolupulo.es\/etiqueta-producto\/citrico\/\" rel=\"tag\">C\u00edtrico<\/a>, <a href=\"https:\/\/www.vendolupulo.es\/etiqueta-producto\/floral\/\" rel=\"tag\">Floral<\/a><\/span><\/p>\n<p><strong>Posibles variedades sustitutas: <\/strong>Citra<\/p>\n<h3>Cultivo Sorachi Ace rizoma de l\u00fapulo:<\/h3>\n<p>La planta de Sorachi Ace no es muy vigorosa. El periodo aproximado recomendado para su plantaci\u00f3n es del 1 de marzo al 15 de mayo. Su recolecci\u00f3n es sobre el 5 de septiembre.<\/p>\n<p>El esqueje se planta bajo tierra y brota a las dos semanas. Enviamos una gu\u00eda de cultivo.<\/p>\n<p>Se puede cultivar en el terreno (recomendado) o en una maceta grande (a partir de 20 litros).<\/p>\n<p>El periodo de venta del esqueje de rizoma es del 1 de marzo al 15 de mayo.<\/p>\n<p>Este y el resto de rizomas se pueden <strong>reservar<\/strong> el resto del a\u00f1o. Los puede reservar desde <a href=\"\/listado-rizomas-primavera\/\">nuestra web (aqu\u00ed)<\/a> o nos escribe a info@vendolupulo.es. La reserva si nos escribe al correo es gratuita. Desde la web, se cobra el importe del pedido\u00a0 se le enviar\u00e1 la semana del 1 de marzo (ser\u00e1n los primeros en recibir los rizomas).<\/p>\n<p>______________________________________________________________________________________<\/p>\n<h4>Garant\u00eda Vendolupulo.es<\/h4>\n<p>Es importante que la planta donde se extraen los rizomas est\u00e9 libre de virus y enfermedades. Nosotros cumplimos con la normativa de la Junta de Castilla y Le\u00f3n (<a href=\"https:\/\/agriculturaganaderia.jcyl.es\/web\/es\/produccion-agricola\/semillas-viveros.html\">ver aqu\u00ed<\/a>).<\/p>\n<p>El Registro Oficial de Proveedores de vegetales de Castilla y Le\u00f3n (ROPCYL) y el pasaporte fitosanitario nos obliga a cumplir unos est\u00e1ndares rigurosos.<\/p>\n<p>&nbsp;<\/p>\n","protected":false},"excerpt":{"rendered":"<p>Puede elegir un lote con 50 o 100 unidades de rizomas de primavera de la variedad Sorachi Ace. Disponibles de marzo a mayo, se pueden reservar el resto del a\u00f1o.<\/p>\n","protected":false},"featured_media":15801,"comment_status":"open","ping_status":"closed","template":"","meta":{"_acf_changed":false},"pwb-brand":[459],"product_cat":[50],"product_tag":[115,359,199,71,198,183,354,352],"class_list":{"0":"post-18914","1":"product","2":"type-product","3":"status-publish","4":"has-post-thumbnail","6":"pwb-brand-vendolupulo","7":"product_cat-rizomas-de-primavera","8":"product_tag-aroma","9":"product_tag-barley-wine","10":"product_tag-citrico","11":"product_tag-estados-unidos","12":"product_tag-floral","13":"product_tag-ipa-indian-pale-ale","14":"product_tag-lager","15":"product_tag-pale-ale","17":"first","18":"instock","19":"sale","20":"taxable","21":"shipping-taxable","22":"purchasable","23":"product-type-variable","24":"has-default-attributes"},"bundled_by":[],"bundle_stock_status":"instock","bundle_stock_quantity":null,"bundle_virtual":false,"bundle_layout":"","bundle_add_to_cart_form_location":"","bundle_editable_in_cart":false,"bundle_sold_individually_context":"","bundle_item_grouping":"","bundle_min_size":"","bundle_max_size":"","bundle_price":[],"bundled_items":[],"bundle_sell_ids":[],"aioseo_notices":[],"acf":[],"brands":[{"id":459,"name":"Vendolupulo","slug":"vendolupulo"}],"_links":{"self":[{"href":"https:\/\/www.vendolupulo.es\/en\/wp-json\/wp\/v2\/product\/18914","targetHints":{"allow":["GET"]}}],"collection":[{"href":"https:\/\/www.vendolupulo.es\/en\/wp-json\/wp\/v2\/product"}],"about":[{"href":"https:\/\/www.vendolupulo.es\/en\/wp-json\/wp\/v2\/types\/product"}],"replies":[{"embeddable":true,"href":"https:\/\/www.vendolupulo.es\/en\/wp-json\/wp\/v2\/comments?post=18914"}],"wp:featuredmedia":[{"embeddable":true,"href":"https:\/\/www.vendolupulo.es\/en\/wp-json\/wp\/v2\/media\/15801"}],"wp:attachment":[{"href":"https:\/\/www.vendolupulo.es\/en\/wp-json\/wp\/v2\/media?parent=18914"}],"wp:term":[{"taxonomy":"pwb-brand","embeddable":true,"href":"https:\/\/www.vendolupulo.es\/en\/wp-json\/wp\/v2\/pwb-brand?post=18914"},{"taxonomy":"product_cat","embeddable":true,"href":"https:\/\/www.vendolupulo.es\/en\/wp-json\/wp\/v2\/product_cat?post=18914"},{"taxonomy":"product_tag","embeddable":true,"href":"https:\/\/www.vendolupulo.es\/en\/wp-json\/wp\/v2\/product_tag?post=18914"}],"curies":[{"name":"wp","href":"https:\/\/api.w.org\/{rel}","templated":true}]}}