{"id":2452,"date":"2016-02-07T12:58:56","date_gmt":"2016-02-07T11:58:56","guid":{"rendered":"https:\/\/www.vendolupulo.es\/?post_type=product&#038;p=2452"},"modified":"2026-03-27T11:05:24","modified_gmt":"2026-03-27T10:05:24","slug":"esqueje-de-rizoma-h7","status":"publish","type":"product","link":"https:\/\/www.vendolupulo.es\/en\/tienda\/esqueje-de-rizoma-h7\/","title":{"rendered":"H7 leon\u00e9s rizoma de primavera"},"content":{"rendered":"<h2><strong>Descripci\u00f3n de H7 leon\u00e9s rizoma de primavera:<\/strong><\/h2>\n<p>La variedad H7 leon\u00e9s rizoma de primavera se adapta a una gran variedad de climas. Es un ecotipo que est\u00e1 muy adaptado a la pen\u00ednsula. Es moderadamente resistente a plagas y enfermedades.<\/p>\n<p>La variedad de l\u00fapulo H7 leon\u00e9s se utiliza para el aroma y amargor.<\/p>\n<p>______________________________________________________________________________________<\/p>\n<h3>Caracter\u00edsticas:<\/h3>\n<p><strong>Nombre L\u00fapulo:\u00a0<\/strong>H7 leon\u00e9s<\/p>\n<p><strong>Pa\u00eds: <\/strong><a href=\"https:\/\/www.vendolupulo.es\/etiqueta-producto\/espana\/\">Espa\u00f1a<\/a><\/p>\n<p><strong>Alfa \u00c1cidos:\u00a0<\/strong>6-9 %<\/p>\n<p><strong>Beta \u00c1cidos:\u00a0<\/strong>3,5-5,5 %<\/p>\n<p><strong>Cohumulona:<\/strong> 30-40%<\/p>\n<p><strong>Aceites totales:<\/strong> &#8212;<\/p>\n<p><strong>Estilo de cerveza t\u00edpico: <\/strong><a href=\"https:\/\/www.vendolupulo.es\/etiqueta-producto\/lager\/\">Lager<\/a><\/p>\n<p><strong>Sabores y aromas T\u00edpicos: <\/strong><a href=\"https:\/\/www.vendolupulo.es\/etiqueta-producto\/lenoso\/\">Le\u00f1oso<\/a>, <a href=\"https:\/\/www.vendolupulo.es\/etiqueta-producto\/menta\/\">Menta<\/a><\/p>\n<p><strong>Posibles variedades sustitutas:\u00a0<\/strong>H3 leon\u00e9s, Northern Brewer, Brewer\u2019s Gold<\/p>\n<h3>Cultivo H7 leon\u00e9s rizoma de primavera:<\/h3>\n<p>El esqueje de rizoma de H7 leon\u00e9s es una variedad f\u00e1cil de cultivar. El periodo aproximado recomendado para su plantaci\u00f3n es del 1 de marzo al 15 de mayo.<\/p>\n<p>El esqueje se planta bajo tierra y brota a las dos semanas. Enviamos instrucciones de cultivo.<\/p>\n<p>Se puede cultivar en el terreno (recomendado) o en una maceta grande (a partir de 20 litros).<\/p>\n<p>El periodo de venta del esqueje de rizoma es del 1 de marzo al 15 de mayo.<\/p>\n<p>Este rizoma y el resto de rizomas se pueden <strong>reservar<\/strong> el resto del a\u00f1o. Los puede reservar desde <a href=\"\/listado-rizomas-primavera\/\">nuestra web (aqu\u00ed)<\/a> o nos escribe a info@vendolupulo.es. La reserva si nos escribe al correo es gratuita. Desde la web, se cobra el importe del pedido y se le enviar\u00e1 la semana del 1 de marzo (ser\u00e1n los primeros en recibir los rizomas).<\/p>\n<p>______________________________________________________________________________________<\/p>\n<h4>Garant\u00eda Vendolupulo.es<\/h4>\n<p>Es importante que la planta donde se extraen los rizomas est\u00e9 libre de virus y enfermedades. Nosotros cumplimos con la normativa de la Junta de Castilla y Le\u00f3n (<a href=\"https:\/\/agriculturaganaderia.jcyl.es\/web\/es\/produccion-agricola\/semillas-viveros.html\">ver aqu\u00ed<\/a>).<\/p>\n<p>El Registro Oficial de Proveedores de vegetales de Castilla y Le\u00f3n (ROPCYL) y el pasaporte fitosanitario nos obliga a cumplir unos est\u00e1ndares rigurosos.<\/p>\n","protected":false},"excerpt":{"rendered":"<p>L\u00fapulo del rizoma de primavera H7. Se planta en primavera. Tambi\u00e9n se puede reservar el resto del a\u00f1o. Es una variedad espa\u00f1ola adaptada al clima de la pen\u00ednsula.<\/p>\n","protected":false},"featured_media":10575,"comment_status":"open","ping_status":"closed","template":"","meta":{"_acf_changed":false},"pwb-brand":[459],"product_cat":[50],"product_tag":[39,354,200,209,135],"class_list":{"0":"post-2452","1":"product","2":"type-product","3":"status-publish","4":"has-post-thumbnail","6":"pwb-brand-vendolupulo","7":"product_cat-rizomas-de-primavera","8":"product_tag-espana","9":"product_tag-lager","10":"product_tag-lenoso","11":"product_tag-menta","12":"product_tag-multiuso","14":"first","15":"outofstock","16":"taxable","17":"shipping-taxable","18":"purchasable","19":"product-type-simple"},"bundled_by":[],"bundle_stock_status":"outofstock","bundle_stock_quantity":0,"bundle_virtual":false,"bundle_layout":"","bundle_add_to_cart_form_location":"","bundle_editable_in_cart":false,"bundle_sold_individually_context":"","bundle_item_grouping":"","bundle_min_size":"","bundle_max_size":"","bundle_price":[],"bundled_items":[],"bundle_sell_ids":[],"aioseo_notices":[],"acf":[],"brands":[{"id":459,"name":"Vendolupulo","slug":"vendolupulo"}],"_links":{"self":[{"href":"https:\/\/www.vendolupulo.es\/en\/wp-json\/wp\/v2\/product\/2452","targetHints":{"allow":["GET"]}}],"collection":[{"href":"https:\/\/www.vendolupulo.es\/en\/wp-json\/wp\/v2\/product"}],"about":[{"href":"https:\/\/www.vendolupulo.es\/en\/wp-json\/wp\/v2\/types\/product"}],"replies":[{"embeddable":true,"href":"https:\/\/www.vendolupulo.es\/en\/wp-json\/wp\/v2\/comments?post=2452"}],"wp:featuredmedia":[{"embeddable":true,"href":"https:\/\/www.vendolupulo.es\/en\/wp-json\/wp\/v2\/media\/10575"}],"wp:attachment":[{"href":"https:\/\/www.vendolupulo.es\/en\/wp-json\/wp\/v2\/media?parent=2452"}],"wp:term":[{"taxonomy":"pwb-brand","embeddable":true,"href":"https:\/\/www.vendolupulo.es\/en\/wp-json\/wp\/v2\/pwb-brand?post=2452"},{"taxonomy":"product_cat","embeddable":true,"href":"https:\/\/www.vendolupulo.es\/en\/wp-json\/wp\/v2\/product_cat?post=2452"},{"taxonomy":"product_tag","embeddable":true,"href":"https:\/\/www.vendolupulo.es\/en\/wp-json\/wp\/v2\/product_tag?post=2452"}],"curies":[{"name":"wp","href":"https:\/\/api.w.org\/{rel}","templated":true}]}}