{"id":2493,"date":"2016-03-08T22:02:36","date_gmt":"2016-03-08T21:02:36","guid":{"rendered":"https:\/\/www.vendolupulo.es\/?post_type=product&#038;p=2493"},"modified":"2024-01-11T23:18:51","modified_gmt":"2024-01-11T22:18:51","slug":"azada-lupulo-bellota-1001-a","status":"publish","type":"product","link":"https:\/\/www.vendolupulo.es\/en\/tienda\/azada-lupulo-bellota-1001-a\/","title":{"rendered":"Azada l\u00fapulo Bellota 1001-A"},"content":{"rendered":"<p>Recomendada para cuando las plantas tienen m\u00e1s de 2 a\u00f1os.<\/p>\n<p>Horquilla para aireaci\u00f3n de calidad marca Bellota.<\/p>\n<p>Esta azada se utiliza en el cultivo del l\u00fapulo solamente en la fase de poda (marzo). Pero por sus carater\u00edsticas (dientes de hierro largos) es ideal cuando las plantas son adultas.<\/p>\n<p>Con los dos dientes de esta azada queda al aire la parte de la planta que <a href=\"\/producto\/serrucho-poda-lupulo-4584-bellota\/\">se poda con el serrucho<\/a>.<\/p>\n<p>Al tener los dientes largos y fuertes, facilita la tarea con seguridad para que no se da\u00f1e la planta.<\/p>\n<p>Para ver su funcionamiento en el culivo del l\u00fapulo, ver la <a href=\"\/videos\/\">secci\u00f3n de v\u00eddeos<\/a>.<\/p>\n<p>Horquilla dimensiones: 250 x 130 mm<\/p>\n","protected":false},"excerpt":{"rendered":"<p>Horquilla, herramienta indicada para la fase de poda del l\u00fapulo. Con esta azada se escarba la tierra sin da\u00f1ar la planta.<\/p>\n","protected":false},"featured_media":10622,"comment_status":"open","ping_status":"closed","template":"","meta":{"_acf_changed":false},"pwb-brand":[],"product_cat":[63,43],"product_tag":[],"class_list":{"0":"post-2493","1":"product","2":"type-product","3":"status-publish","4":"has-post-thumbnail","6":"product_cat-cultivo-lupulo","7":"product_cat-kit-del-cultivador","9":"first","10":"outofstock","11":"taxable","12":"shipping-taxable","13":"purchasable","14":"product-type-simple"},"bundled_by":[],"bundle_stock_status":"outofstock","bundle_stock_quantity":0,"bundle_virtual":false,"bundle_layout":"","bundle_add_to_cart_form_location":"","bundle_editable_in_cart":false,"bundle_sold_individually_context":"","bundle_item_grouping":"","bundle_min_size":"","bundle_max_size":"","bundle_price":[],"bundled_items":[],"bundle_sell_ids":[],"aioseo_notices":[],"acf":[],"brands":[],"_links":{"self":[{"href":"https:\/\/www.vendolupulo.es\/en\/wp-json\/wp\/v2\/product\/2493","targetHints":{"allow":["GET"]}}],"collection":[{"href":"https:\/\/www.vendolupulo.es\/en\/wp-json\/wp\/v2\/product"}],"about":[{"href":"https:\/\/www.vendolupulo.es\/en\/wp-json\/wp\/v2\/types\/product"}],"replies":[{"embeddable":true,"href":"https:\/\/www.vendolupulo.es\/en\/wp-json\/wp\/v2\/comments?post=2493"}],"wp:featuredmedia":[{"embeddable":true,"href":"https:\/\/www.vendolupulo.es\/en\/wp-json\/wp\/v2\/media\/10622"}],"wp:attachment":[{"href":"https:\/\/www.vendolupulo.es\/en\/wp-json\/wp\/v2\/media?parent=2493"}],"wp:term":[{"taxonomy":"pwb-brand","embeddable":true,"href":"https:\/\/www.vendolupulo.es\/en\/wp-json\/wp\/v2\/pwb-brand?post=2493"},{"taxonomy":"product_cat","embeddable":true,"href":"https:\/\/www.vendolupulo.es\/en\/wp-json\/wp\/v2\/product_cat?post=2493"},{"taxonomy":"product_tag","embeddable":true,"href":"https:\/\/www.vendolupulo.es\/en\/wp-json\/wp\/v2\/product_tag?post=2493"}],"curies":[{"name":"wp","href":"https:\/\/api.w.org\/{rel}","templated":true}]}}