{"id":3137,"date":"2017-12-14T16:14:18","date_gmt":"2017-12-14T15:14:18","guid":{"rendered":"https:\/\/www.vendolupulo.es\/?post_type=product&#038;p=3137"},"modified":"2026-04-08T14:50:50","modified_gmt":"2026-04-08T12:50:50","slug":"centennial-planta-en-maceta","status":"publish","type":"product","link":"https:\/\/www.vendolupulo.es\/en\/tienda\/centennial-planta-en-maceta\/","title":{"rendered":"Centennial planta en maceta"},"content":{"rendered":"<h2>Descripci\u00f3n de Centennial planta en maceta:<\/h2>\n<p>La variedad de l\u00fapulo Centennial planta en maceta es una variedad multiuso. El origen es Estados Unidos. Una vez recibida la planta, se trasplanta a otra maceta m\u00e1s grande (Vea: <a href=\"\/producto\/maceta-mediana-para-lupulo\/\">maceta mediana<\/a> y <a href=\"\/producto\/maceta-grande-para-lupulo\/\">maceta grande para l\u00fapulo<\/a>) o al terreno directamente. Durante el oto\u00f1o e invierno, la planta est\u00e1 hibernando y la parte a\u00e9rea se ha secado, pero hay unos brotes latentes que brotar\u00e1n en primavera. Se env\u00edan las plantas con la maceta y se pueden transplantar durante el invierno al terreno o a una maceta m\u00e1s grande. M\u00e1s informaci\u00f3n en la gu\u00eda de cultivo que enviamos a nuestros clientes.<\/p>\n<p><strong>Nombre L\u00fapulo: <\/strong>Centennial<\/p>\n<p><strong>Pa\u00eds: <\/strong><a href=\"https:\/\/www.vendolupulo.es\/etiqueta-producto\/estados-unidos\/\">Estados Unidos<\/a><\/p>\n<p><strong>Alfa \u00c1cidos:\u00a0<\/strong>9.5%-11.5%<\/p>\n<p><strong>Beta \u00c1cidos:\u00a0<\/strong>3.5%-4.5%<\/p>\n<p><strong>Cohumulona:<\/strong> 28%-30%<\/p>\n<p><strong>Aceites totales:<\/strong> 1.5-2.5 mL\/100g<\/p>\n<p><strong>Estilo de cerveza t\u00edpico: <\/strong><span class=\"tagged_as\"> <a href=\"https:\/\/www.vendolupulo.es\/etiqueta-producto\/apa-american-pale-ale\/\" rel=\"tag\">APA &#8211; American Pale Ale<\/a>, <a href=\"https:\/\/www.vendolupulo.es\/etiqueta-producto\/doble-ipa\/\" rel=\"tag\">Doble IPA<\/a>, <a href=\"https:\/\/www.vendolupulo.es\/etiqueta-producto\/imperial-stout\/\" rel=\"tag\">Imperial Stout<\/a>, <a href=\"https:\/\/www.vendolupulo.es\/etiqueta-producto\/ipa-indian-pale-ale\/\" rel=\"tag\">IPA Indian Pale Ale<\/a><\/span><\/p>\n<p><strong>Sabores y aromas T\u00edpicos: <\/strong><span class=\"tagged_as\"> <a href=\"https:\/\/www.vendolupulo.es\/etiqueta-producto\/citrico\/\" rel=\"tag\">C\u00edtrico<\/a>, <a href=\"https:\/\/www.vendolupulo.es\/etiqueta-producto\/floral\/\" rel=\"tag\">Floral<\/a>, <a href=\"https:\/\/www.vendolupulo.es\/etiqueta-producto\/lenoso\/\" rel=\"tag\">Le\u00f1oso<\/a><\/span><\/p>\n<p><strong>Posibles variedades sustitutas:\u00a0<\/strong>Chinook, Galena, Columbus, Cascade<\/p>\n<h3>Cultivo Centennial planta en maceta:<\/h3>\n<p>Nota sobre la venta de plantas en maceta durante el invierno:<\/p>\n<p>De noviembre a febrero se env\u00edan las plantas hibernando con la maceta. Las plantas cuando est\u00e1n hibernando no tienen parte a\u00e9rea (tallos y ramas verdes), sino que est\u00e1n formadas por la ra\u00edz y un cuerpo con brotes latentes (ver fotos del producto). Estos brotes brotar\u00e1n en primavera. Estas plantas se pueden transplantar durante el invierno al terreno o a una maceta m\u00e1s grande. No se hielan, se adaptan al nuevo ambiente, etc. M\u00e1s informaci\u00f3n en la gu\u00eda de cultivo que enviamos a nuestros clientes.<\/p>\n","protected":false},"excerpt":{"rendered":"<p>La variedad de l\u00fapulo Centennial planta en maceta es una planta de l\u00fapulo enraizada en maceta, lista para trasplantar.<\/p>\n","protected":false},"featured_media":10566,"comment_status":"open","ping_status":"closed","template":"","meta":{"_acf_changed":false},"pwb-brand":[459],"product_cat":[56],"product_tag":[360,199,374,71,198,375,183,200,135],"class_list":{"0":"post-3137","1":"product","2":"type-product","3":"status-publish","4":"has-post-thumbnail","6":"pwb-brand-vendolupulo","7":"product_cat-plantas-en-maceta","8":"product_tag-apa-american-pale-ale","9":"product_tag-citrico","10":"product_tag-doble-ipa","11":"product_tag-estados-unidos","12":"product_tag-floral","13":"product_tag-imperial-stout","14":"product_tag-ipa-indian-pale-ale","15":"product_tag-lenoso","16":"product_tag-multiuso","18":"first","19":"outofstock","20":"taxable","21":"shipping-taxable","22":"purchasable","23":"product-type-simple"},"bundled_by":[],"bundle_stock_status":"outofstock","bundle_stock_quantity":0,"bundle_virtual":false,"bundle_layout":"","bundle_add_to_cart_form_location":"","bundle_editable_in_cart":false,"bundle_sold_individually_context":"","bundle_item_grouping":"","bundle_min_size":"","bundle_max_size":"","bundle_price":[],"bundled_items":[],"bundle_sell_ids":[],"aioseo_notices":[],"acf":[],"brands":[{"id":459,"name":"Vendolupulo","slug":"vendolupulo"}],"_links":{"self":[{"href":"https:\/\/www.vendolupulo.es\/en\/wp-json\/wp\/v2\/product\/3137","targetHints":{"allow":["GET"]}}],"collection":[{"href":"https:\/\/www.vendolupulo.es\/en\/wp-json\/wp\/v2\/product"}],"about":[{"href":"https:\/\/www.vendolupulo.es\/en\/wp-json\/wp\/v2\/types\/product"}],"replies":[{"embeddable":true,"href":"https:\/\/www.vendolupulo.es\/en\/wp-json\/wp\/v2\/comments?post=3137"}],"wp:featuredmedia":[{"embeddable":true,"href":"https:\/\/www.vendolupulo.es\/en\/wp-json\/wp\/v2\/media\/10566"}],"wp:attachment":[{"href":"https:\/\/www.vendolupulo.es\/en\/wp-json\/wp\/v2\/media?parent=3137"}],"wp:term":[{"taxonomy":"pwb-brand","embeddable":true,"href":"https:\/\/www.vendolupulo.es\/en\/wp-json\/wp\/v2\/pwb-brand?post=3137"},{"taxonomy":"product_cat","embeddable":true,"href":"https:\/\/www.vendolupulo.es\/en\/wp-json\/wp\/v2\/product_cat?post=3137"},{"taxonomy":"product_tag","embeddable":true,"href":"https:\/\/www.vendolupulo.es\/en\/wp-json\/wp\/v2\/product_tag?post=3137"}],"curies":[{"name":"wp","href":"https:\/\/api.w.org\/{rel}","templated":true}]}}