{"id":3423,"date":"2018-11-07T20:16:42","date_gmt":"2018-11-07T19:16:42","guid":{"rendered":"https:\/\/www.vendolupulo.es\/?post_type=product&#038;p=3423"},"modified":"2025-03-30T22:11:23","modified_gmt":"2025-03-30T20:11:23","slug":"rizoma-de-invierno-centennial","status":"publish","type":"product","link":"https:\/\/www.vendolupulo.es\/en\/tienda\/rizoma-de-invierno-centennial\/","title":{"rendered":"Rizoma de invierno Centennial"},"content":{"rendered":"<h2>Descripci\u00f3n de rizoma de invierno Centennial<\/h2>\n<p><strong>Nombre L\u00fapulo: <\/strong>Centennial<\/p>\n<p><strong>Pa\u00eds: <\/strong><a href=\"https:\/\/www.vendolupulo.es\/etiqueta-producto\/estados-unidos\/\">Estados Unidos<\/a><\/p>\n<p><strong>Alfa \u00c1cidos:\u00a0<\/strong>9.5%-11.5%<\/p>\n<p><strong>Beta \u00c1cidos:\u00a0<\/strong>3.5%-4.5%<\/p>\n<p><strong>Cohumulona:<\/strong> 28%-30%<\/p>\n<p><strong>Aceites totales:<\/strong> 1.5-2.5 mL\/100g<\/p>\n<p><strong>Estilo de cerveza t\u00edpico: <\/strong><span class=\"tagged_as\"> <a href=\"https:\/\/www.vendolupulo.es\/etiqueta-producto\/apa-american-pale-ale\/\" rel=\"tag\">APA &#8211; American Pale Ale<\/a>, <a href=\"https:\/\/www.vendolupulo.es\/etiqueta-producto\/doble-ipa\/\" rel=\"tag\">Doble IPA<\/a>, <a href=\"https:\/\/www.vendolupulo.es\/etiqueta-producto\/imperial-stout\/\" rel=\"tag\">Imperial Stout<\/a>, <a href=\"https:\/\/www.vendolupulo.es\/etiqueta-producto\/ipa-indian-pale-ale\/\" rel=\"tag\">IPA Indian Pale Ale<\/a><\/span><\/p>\n<p><strong>Sabores y aromas T\u00edpicos: <\/strong><span class=\"tagged_as\"> <a href=\"https:\/\/www.vendolupulo.es\/etiqueta-producto\/citrico\/\" rel=\"tag\">C\u00edtrico<\/a>, <a href=\"https:\/\/www.vendolupulo.es\/etiqueta-producto\/floral\/\" rel=\"tag\">Floral<\/a>, <a href=\"https:\/\/www.vendolupulo.es\/etiqueta-producto\/lenoso\/\" rel=\"tag\">Le\u00f1oso<\/a><\/span><\/p>\n<p><strong>Posibles variedades sustitutas:\u00a0<\/strong>Chinook, Galena, Columbus, Cascade<\/p>\n<h3>Cultivo Centennial rizoma de invierno:<\/h3>\n<p>Rizoma de la variedad Centennial se adapta a varios climas.<\/p>\n<p>Los rizomas se plantan seg\u00fan se reciben.<\/p>\n<p><strong>Caracter\u00edsticas:<\/strong><\/p>\n<p>La variedad de l\u00fapulo Centennial se utiliza para el aroma y amargor de la cerveza.<\/p>\n<p><strong>Disponibilidad:<\/strong><\/p>\n<p>Los rizomas de invierno de l\u00fapulo estar\u00e1n disponibles desde la primera semana de noviembre a la \u00faltima semana de febrero.<\/p>\n","protected":false},"excerpt":{"rendered":"<p>Rizoma de invierno para plantar variedad de l\u00fapulo Centennial.<\/p>\n","protected":false},"featured_media":10568,"comment_status":"open","ping_status":"closed","template":"","meta":{"_acf_changed":false},"pwb-brand":[459],"product_cat":[42],"product_tag":[360,115,199,374,71,198,375,183,200],"class_list":{"0":"post-3423","1":"product","2":"type-product","3":"status-publish","4":"has-post-thumbnail","6":"pwb-brand-vendolupulo","7":"product_cat-rizomas-de-invierno","8":"product_tag-apa-american-pale-ale","9":"product_tag-aroma","10":"product_tag-citrico","11":"product_tag-doble-ipa","12":"product_tag-estados-unidos","13":"product_tag-floral","14":"product_tag-imperial-stout","15":"product_tag-ipa-indian-pale-ale","16":"product_tag-lenoso","18":"first","19":"outofstock","20":"taxable","21":"shipping-taxable","22":"purchasable","23":"product-type-simple"},"bundled_by":[],"bundle_stock_status":"outofstock","bundle_stock_quantity":0,"bundle_virtual":false,"bundle_layout":"","bundle_add_to_cart_form_location":"","bundle_editable_in_cart":false,"bundle_sold_individually_context":"","bundle_item_grouping":"","bundle_min_size":"","bundle_max_size":"","bundle_price":[],"bundled_items":[],"bundle_sell_ids":[],"aioseo_notices":[],"acf":[],"brands":[{"id":459,"name":"Vendolupulo","slug":"vendolupulo"}],"_links":{"self":[{"href":"https:\/\/www.vendolupulo.es\/en\/wp-json\/wp\/v2\/product\/3423","targetHints":{"allow":["GET"]}}],"collection":[{"href":"https:\/\/www.vendolupulo.es\/en\/wp-json\/wp\/v2\/product"}],"about":[{"href":"https:\/\/www.vendolupulo.es\/en\/wp-json\/wp\/v2\/types\/product"}],"replies":[{"embeddable":true,"href":"https:\/\/www.vendolupulo.es\/en\/wp-json\/wp\/v2\/comments?post=3423"}],"wp:featuredmedia":[{"embeddable":true,"href":"https:\/\/www.vendolupulo.es\/en\/wp-json\/wp\/v2\/media\/10568"}],"wp:attachment":[{"href":"https:\/\/www.vendolupulo.es\/en\/wp-json\/wp\/v2\/media?parent=3423"}],"wp:term":[{"taxonomy":"pwb-brand","embeddable":true,"href":"https:\/\/www.vendolupulo.es\/en\/wp-json\/wp\/v2\/pwb-brand?post=3423"},{"taxonomy":"product_cat","embeddable":true,"href":"https:\/\/www.vendolupulo.es\/en\/wp-json\/wp\/v2\/product_cat?post=3423"},{"taxonomy":"product_tag","embeddable":true,"href":"https:\/\/www.vendolupulo.es\/en\/wp-json\/wp\/v2\/product_tag?post=3423"}],"curies":[{"name":"wp","href":"https:\/\/api.w.org\/{rel}","templated":true}]}}