{"id":12610,"date":"2023-11-14T16:49:19","date_gmt":"2023-11-14T15:49:19","guid":{"rendered":"https:\/\/www.vendolupulo.es\/?post_type=product&#038;p=12610"},"modified":"2026-03-13T00:36:01","modified_gmt":"2026-03-12T23:36:01","slug":"admiral-rizoma-de-invierno","status":"publish","type":"product","link":"https:\/\/www.vendolupulo.es\/fr\/tienda\/admiral-rizoma-de-invierno\/","title":{"rendered":"Admiral rizoma de invierno"},"content":{"rendered":"<h2>Descripci\u00f3n de Admiral rizoma de invierno:<\/h2>\n<p>La variedad Admiral rizoma de primavera es un l\u00fapulo amargo que se usa com\u00fanmente para amargar la cerveza durante la elaboraci\u00f3n, aunque en su aspecto de doble prop\u00f3sito tiene un agradable aroma a l\u00fapulo resinoso con toques c\u00edtricos (naranja) y sabores herb\u00e1ceos.<\/p>\n<h3>Caracter\u00edsticas:<\/h3>\n<p><strong>Nombre L\u00fapulo:\u00a0<\/strong>Admiral<\/p>\n<p><strong>Pa\u00eds: <\/strong><a href=\"https:\/\/www.vendolupulo.es\/etiqueta-producto\/inglaterra\/\">Inglaterra<\/a><\/p>\n<p><strong>Estilo de cerveza t\u00edpico:<\/strong> <a href=\"https:\/\/www.vendolupulo.es\/etiqueta-producto\/ipa-indian-pale-ale\/\">IPA<\/a>, <a href=\"https:\/\/www.vendolupulo.es\/etiqueta-producto\/pale-ale\/\">Pale ale<\/a>, <a href=\"https:\/\/www.vendolupulo.es\/etiqueta-producto\/bitter\/\">Bitter<\/a><\/p>\n<p><strong>Sabores y aromas T\u00edpicos:<\/strong> <a href=\"https:\/\/www.vendolupulo.es\/etiqueta-producto\/herbal\/\">Herbal<\/a>, <a href=\"https:\/\/www.vendolupulo.es\/etiqueta-producto\/le\u00f1oso\/\">Le\u00f1oso<\/a>, <a href=\"https:\/\/www.vendolupulo.es\/etiqueta-producto\/citrico\/\">C\u00edtrico<\/a><\/p>\n<p><strong>Posibles variedades sustitutas:<\/strong> Chinook, Northdown, Challenger, <a href=\"https:\/\/www.vendolupulo.es\/tienda\/target-planta-en-maceta\/\">Target <\/a><\/p>\n<h3>Cultivo Admiral rizoma de invierno:<\/h3>\n<p>El l\u00fapulo Admiral rizoma de invierno es una variedad que se cultiva en climas h\u00famedos.<\/p>\n<p>Su recolecci\u00f3n es sobre el 20 de agosto.<\/p>\n<p>El esqueje se planta bajo tierra y brota a las dos semanas.<\/p>\n<p>Se puede cultivar en el terreno (recomendado) o en una maceta grande (a partir de 20 litros).<\/p>\n<p>No se preocupe si no ha cultivado antes el l\u00fapulo o no ha tenido suerte en el cultivo antes de conocernos. Le <strong>enviamos una gu\u00eda de cultivo del l\u00fapulo<\/strong> bastante completa, de m\u00e1s de 20 p\u00e1ginas. Tambi\u00e9n tenemos nuestro correo y wasap (651415730) para cualquier duda.<\/p>\n<h4>Garant\u00eda Vendolupulo.es<\/h4>\n<p>Es importante que la planta donde se extraen los rizomas est\u00e9 libre de virus y enfermedades. Nosotros cumplimos con la normativa de la Junta de Castilla y Le\u00f3n (<a href=\"https:\/\/agriculturaganaderia.jcyl.es\/web\/es\/produccion-agricola\/semillas-viveros.html\">ver aqu\u00ed<\/a>).<\/p>\n<p>El Registro Oficial de Proveedores de vegetales de Castilla y Le\u00f3n (ROPCYL) y el pasaporte fitosanitario nos obliga a cumplir unos est\u00e1ndares rigurosos.<\/p>\n","protected":false},"excerpt":{"rendered":"<p>Variedad de l\u00fapulo Admiral rizoma de invierno para plantar.<\/p>\n","protected":false},"featured_media":11782,"comment_status":"open","ping_status":"closed","template":"","meta":{"_acf_changed":false},"pwb-brand":[459],"product_cat":[42],"product_tag":[353,199,206,72,183,200,135,352],"class_list":{"0":"post-12610","1":"product","2":"type-product","3":"status-publish","4":"has-post-thumbnail","6":"pwb-brand-vendolupulo","7":"product_cat-rizomas-de-invierno","8":"product_tag-bitter","9":"product_tag-citrico","10":"product_tag-herbal","11":"product_tag-inglaterra","12":"product_tag-ipa-indian-pale-ale","13":"product_tag-lenoso","14":"product_tag-multiuso","15":"product_tag-pale-ale","17":"first","18":"outofstock","19":"taxable","20":"shipping-taxable","21":"purchasable","22":"product-type-simple"},"bundled_by":[],"bundle_stock_status":"outofstock","bundle_stock_quantity":0,"bundle_virtual":false,"bundle_layout":"","bundle_add_to_cart_form_location":"","bundle_editable_in_cart":false,"bundle_sold_individually_context":"","bundle_item_grouping":"","bundle_min_size":"","bundle_max_size":"","bundle_price":[],"bundled_items":[],"bundle_sell_ids":[],"aioseo_notices":[],"acf":[],"brands":[{"id":459,"name":"Vendolupulo","slug":"vendolupulo"}],"_links":{"self":[{"href":"https:\/\/www.vendolupulo.es\/fr\/wp-json\/wp\/v2\/product\/12610","targetHints":{"allow":["GET"]}}],"collection":[{"href":"https:\/\/www.vendolupulo.es\/fr\/wp-json\/wp\/v2\/product"}],"about":[{"href":"https:\/\/www.vendolupulo.es\/fr\/wp-json\/wp\/v2\/types\/product"}],"replies":[{"embeddable":true,"href":"https:\/\/www.vendolupulo.es\/fr\/wp-json\/wp\/v2\/comments?post=12610"}],"wp:featuredmedia":[{"embeddable":true,"href":"https:\/\/www.vendolupulo.es\/fr\/wp-json\/wp\/v2\/media\/11782"}],"wp:attachment":[{"href":"https:\/\/www.vendolupulo.es\/fr\/wp-json\/wp\/v2\/media?parent=12610"}],"wp:term":[{"taxonomy":"pwb-brand","embeddable":true,"href":"https:\/\/www.vendolupulo.es\/fr\/wp-json\/wp\/v2\/pwb-brand?post=12610"},{"taxonomy":"product_cat","embeddable":true,"href":"https:\/\/www.vendolupulo.es\/fr\/wp-json\/wp\/v2\/product_cat?post=12610"},{"taxonomy":"product_tag","embeddable":true,"href":"https:\/\/www.vendolupulo.es\/fr\/wp-json\/wp\/v2\/product_tag?post=12610"}],"curies":[{"name":"wp","href":"https:\/\/api.w.org\/{rel}","templated":true}]}}