{"id":16639,"date":"2025-12-17T16:35:08","date_gmt":"2025-12-17T15:35:08","guid":{"rendered":"https:\/\/www.vendolupulo.es\/?post_type=product&#038;p=16639"},"modified":"2026-02-16T11:50:57","modified_gmt":"2026-02-16T10:50:57","slug":"tradition-lupulo-en-pellet","status":"publish","type":"product","link":"https:\/\/www.vendolupulo.es\/fr\/tienda\/tradition-lupulo-en-pellet\/","title":{"rendered":"Tradition l\u00fapulo en pellet"},"content":{"rendered":"<h2><strong>Descripci\u00f3n de Tradition l\u00fapulo en pellet:<\/strong><\/h2>\n<p>La variedad Tradition l\u00fapulo en pellet se caracteriza por su fino aroma y su contenido amargo medio. Maravilloso car\u00e1cter terroso y herb\u00e1ceo sobre una nariz de frutas. Es mejor usarlo al final del hervor. Esta utilizaci\u00f3n es recomendada ya que se ha observado que su contenido de humuleno se disipa r\u00e1pidamente cuando se calienta.<\/p>\n<p>Los alfa-\u00e1cido de la cosecha de 2023 para la variedad Tradition es del\u00a0 8,0%.<\/p>\n<h3>Caracter\u00edsticas:<\/h3>\n<p><strong>Nombre L\u00fapulo:\u00a0<\/strong>Tradition o Hallertau Tradittion<\/p>\n<p><strong>Pa\u00eds: <\/strong>Alemania<\/p>\n<p><strong>Alfa \u00c1cidos: <\/strong>8,0 %<\/p>\n<p><strong>Beta \u00c1cidos:\u00a0<\/strong><span id=\"product_description\">3.0 &#8211; 6.0 % <\/span><\/p>\n<p><strong>Estilo de cerveza t\u00edpico:<\/strong> <span class=\"tagged_as\"><a href=\"https:\/\/www.vendolupulo.es\/etiqueta-producto\/pilsen\/\" rel=\"tag\">Pilsen o Pilsner<\/a><\/span>,<span class=\"tagged_as\"> <a href=\"https:\/\/www.vendolupulo.es\/etiqueta-producto\/lager\/\" rel=\"tag\">Lager<\/a>, Wheat<\/span><\/p>\n<p><strong>Sabores y aromas T\u00edpicos:<\/strong> <a href=\"https:\/\/www.vendolupulo.es\/etiqueta-producto\/terroso\/\">Terroso<\/a>, <a href=\"https:\/\/www.vendolupulo.es\/etiqueta-producto\/herbal\/\">Herbal<\/a>, <a href=\"https:\/\/www.vendolupulo.es\/etiqueta-producto\/frutas-del-bosque\/\">Frutas del bosque<\/a><\/p>\n<p><strong>Posibles variedades sustitutas:<\/strong> Hallertau Mittelfrueh, Tettnang, East Kent Golding<\/p>\n<h3>Garant\u00eda de calidad:<\/h3>\n<p>Nuestros l\u00fapulos se entregan con todas las anal\u00edticas y certificados requeridos seg\u00fan normativa. De esta forma, los cerveceros caseros tendr\u00e1n, como las cerveceras, toda la documentaci\u00f3n necesaria para conocer la trazabilidad del producto certificado. Los homebrewers y aficionados a hacer cerveza, podr\u00e1n saber con exactitud los alfas y otros compuestos.<\/p>\n<p>Si eres una cervecera o micro-cervecer\u00eda puede <a href=\"https:\/\/www.vendolupulo.es\/contacto\/\">ponerse en contacto<\/a> para solicitar formatos de 1 o 5 kg.<\/p>\n","protected":false},"excerpt":{"rendered":"<p>Tradition l\u00fapulo en pellet. Cosecha 2023. <strong>8% alfa-\u00e1cidos<\/strong>.<\/p>\n","protected":false},"featured_media":16672,"comment_status":"open","ping_status":"closed","template":"","meta":{"_acf_changed":false},"pwb-brand":[],"product_cat":[430],"product_tag":[115,393,212,199,354,385,356,211],"class_list":{"0":"post-16639","1":"product","2":"type-product","3":"status-publish","4":"has-post-thumbnail","6":"product_cat-lupulo-pellet","7":"product_tag-aroma","8":"product_tag-bohemian-pilsener","9":"product_tag-caramelo","10":"product_tag-citrico","11":"product_tag-lager","12":"product_tag-pale-lager","13":"product_tag-pilsen","14":"product_tag-republica-checa","16":"first","17":"instock","18":"taxable","19":"shipping-taxable","20":"purchasable","21":"product-type-variable","22":"has-default-attributes"},"bundled_by":[],"bundle_stock_status":"instock","bundle_stock_quantity":null,"bundle_virtual":false,"bundle_layout":"","bundle_add_to_cart_form_location":"","bundle_editable_in_cart":false,"bundle_sold_individually_context":"","bundle_item_grouping":"","bundle_min_size":"","bundle_max_size":"","bundle_price":[],"bundled_items":[],"bundle_sell_ids":[],"aioseo_notices":[],"acf":[],"brands":[],"_links":{"self":[{"href":"https:\/\/www.vendolupulo.es\/fr\/wp-json\/wp\/v2\/product\/16639","targetHints":{"allow":["GET"]}}],"collection":[{"href":"https:\/\/www.vendolupulo.es\/fr\/wp-json\/wp\/v2\/product"}],"about":[{"href":"https:\/\/www.vendolupulo.es\/fr\/wp-json\/wp\/v2\/types\/product"}],"replies":[{"embeddable":true,"href":"https:\/\/www.vendolupulo.es\/fr\/wp-json\/wp\/v2\/comments?post=16639"}],"wp:featuredmedia":[{"embeddable":true,"href":"https:\/\/www.vendolupulo.es\/fr\/wp-json\/wp\/v2\/media\/16672"}],"wp:attachment":[{"href":"https:\/\/www.vendolupulo.es\/fr\/wp-json\/wp\/v2\/media?parent=16639"}],"wp:term":[{"taxonomy":"pwb-brand","embeddable":true,"href":"https:\/\/www.vendolupulo.es\/fr\/wp-json\/wp\/v2\/pwb-brand?post=16639"},{"taxonomy":"product_cat","embeddable":true,"href":"https:\/\/www.vendolupulo.es\/fr\/wp-json\/wp\/v2\/product_cat?post=16639"},{"taxonomy":"product_tag","embeddable":true,"href":"https:\/\/www.vendolupulo.es\/fr\/wp-json\/wp\/v2\/product_tag?post=16639"}],"curies":[{"name":"wp","href":"https:\/\/api.w.org\/{rel}","templated":true}]}}