{"id":16703,"date":"2025-12-17T16:36:31","date_gmt":"2025-12-17T15:36:31","guid":{"rendered":"https:\/\/www.vendolupulo.es\/?post_type=product&#038;p=16703"},"modified":"2025-12-17T16:36:31","modified_gmt":"2025-12-17T15:36:31","slug":"zappa-lupulo-en-pellet","status":"publish","type":"product","link":"https:\/\/www.vendolupulo.es\/fr\/tienda\/zappa-lupulo-en-pellet\/","title":{"rendered":"Zappa l\u00fapulo en pellet"},"content":{"rendered":"<h2><strong>Descripci\u00f3n de Zappa l\u00fapulo en pellet:<\/strong><\/h2>\n<p>La variedad Zappa l\u00fapulo en pellet es un l\u00fapulo arom\u00e1tico neomexicano. Como las dem\u00e1s variedades <a href=\"https:\/\/www.vendolupulo.es\/etiqueta-producto\/nuevo-mexico\/\">Neomexicanus<\/a> fue recuperado del medio silvestre, desarrollando un aroma rebelde y caracter\u00edsticas de sabor \u00fanicas. Se usa principalmente en adiciones de ebullici\u00f3n tard\u00eda y dry hopping, impartiendo aromas y sabores especiados con intensas notas de frutas tropicales.<\/p>\n<p>Aromas: Maracuy\u00e1, menta, especias y frutas tropicales.<\/p>\n<p>Los alfa-\u00e1cido de la cosecha de 2023 para la variedad Zappa es del\u00a0 3,9%.<\/p>\n<h3>Caracter\u00edsticas:<\/h3>\n<p><strong>Nombre L\u00fapulo: <\/strong>Zappa<\/p>\n<p><strong>Pa\u00eds: <\/strong>Estados Unidos (<a href=\"https:\/\/www.vendolupulo.es\/etiqueta-producto\/nuevo-mexico\/\">Nuevo M\u00e9xico<\/a>)<\/p>\n<p><strong>Alfa \u00c1cidos:\u00a0<\/strong> 3,9 %<\/p>\n<p><strong>Beta \u00c1cidos: <\/strong>6%<\/p>\n<p><strong>Estilo de cerveza t\u00edpico:<\/strong> <a href=\"https:\/\/www.vendolupulo.es\/etiqueta-producto\/ipa-indian-pale-ale\/\">IPA <\/a><span class=\"tagged_as\"><a href=\"https:\/\/www.vendolupulo.es\/etiqueta-producto\/ipa-indian-pale-ale\/\">Indian Pale Ale<\/a>, <a href=\"https:\/\/www.vendolupulo.es\/etiqueta-producto\/apa-american-pale-ale\/\">APA American Pale Ale<\/a><br \/>\n<\/span><\/p>\n<p><strong>Sabores y aromas T\u00edpicos:<\/strong> <a href=\"https:\/\/www.vendolupulo.es\/etiqueta-producto\/fruta-tropical\/\">Fruta tropical<\/a>, <a href=\"https:\/\/www.vendolupulo.es\/etiqueta-producto\/lenoso\/\">Especias<\/a>, <a href=\"https:\/\/www.vendolupulo.es\/etiqueta-producto\/menta\/\">Menta<\/a><\/p>\n<p><strong>Posibles variedades sustitutas:<\/strong> \u00danico, solo tienen similitudes el resto de variedades neomexicanas<\/p>\n<h3>Garant\u00eda de calidad:<\/h3>\n<p>Nuestros l\u00fapulos se entregan con todas las anal\u00edticas y certificados requeridos seg\u00fan normativa. De esta forma, los cerveceros caseros tendr\u00e1n, como las cerveceras, toda la documentaci\u00f3n necesaria para conocer la trazabilidad del producto certificado. Los homebrewers y aficionados a hacer cerveza, podr\u00e1n saber con exactitud los alfas y otros compuestos.<\/p>\n<p>Si eres una cervecera o micro-cervecer\u00eda puede <a href=\"https:\/\/www.vendolupulo.es\/contacto\/\">ponerse en contacto<\/a> para solicitar formatos de 1 o 5 kg.<\/p>\n","protected":false},"excerpt":{"rendered":"<p>Variedad Zappa l\u00fapulo en pellet Cosecha 2023. <strong>3,9 % alfa-\u00e1cidos<\/strong>.<\/p>\n","protected":false},"featured_media":16672,"comment_status":"open","ping_status":"closed","template":"","meta":{"_acf_changed":false},"pwb-brand":[],"product_cat":[430],"product_tag":[115,202,71,201,183,209,404],"class_list":{"0":"post-16703","1":"product","2":"type-product","3":"status-publish","4":"has-post-thumbnail","6":"product_cat-lupulo-pellet","7":"product_tag-aroma","8":"product_tag-especias","9":"product_tag-estados-unidos","10":"product_tag-fruta-tropical","11":"product_tag-ipa-indian-pale-ale","12":"product_tag-menta","13":"product_tag-nuevo-mexico","15":"first","16":"instock","17":"taxable","18":"shipping-taxable","19":"purchasable","20":"product-type-variable","21":"has-default-attributes"},"bundled_by":[],"bundle_stock_status":"instock","bundle_stock_quantity":null,"bundle_virtual":false,"bundle_layout":"","bundle_add_to_cart_form_location":"","bundle_editable_in_cart":false,"bundle_sold_individually_context":"","bundle_item_grouping":"","bundle_min_size":"","bundle_max_size":"","bundle_price":[],"bundled_items":[],"bundle_sell_ids":[],"aioseo_notices":[],"acf":[],"brands":[],"_links":{"self":[{"href":"https:\/\/www.vendolupulo.es\/fr\/wp-json\/wp\/v2\/product\/16703","targetHints":{"allow":["GET"]}}],"collection":[{"href":"https:\/\/www.vendolupulo.es\/fr\/wp-json\/wp\/v2\/product"}],"about":[{"href":"https:\/\/www.vendolupulo.es\/fr\/wp-json\/wp\/v2\/types\/product"}],"replies":[{"embeddable":true,"href":"https:\/\/www.vendolupulo.es\/fr\/wp-json\/wp\/v2\/comments?post=16703"}],"wp:featuredmedia":[{"embeddable":true,"href":"https:\/\/www.vendolupulo.es\/fr\/wp-json\/wp\/v2\/media\/16672"}],"wp:attachment":[{"href":"https:\/\/www.vendolupulo.es\/fr\/wp-json\/wp\/v2\/media?parent=16703"}],"wp:term":[{"taxonomy":"pwb-brand","embeddable":true,"href":"https:\/\/www.vendolupulo.es\/fr\/wp-json\/wp\/v2\/pwb-brand?post=16703"},{"taxonomy":"product_cat","embeddable":true,"href":"https:\/\/www.vendolupulo.es\/fr\/wp-json\/wp\/v2\/product_cat?post=16703"},{"taxonomy":"product_tag","embeddable":true,"href":"https:\/\/www.vendolupulo.es\/fr\/wp-json\/wp\/v2\/product_tag?post=16703"}],"curies":[{"name":"wp","href":"https:\/\/api.w.org\/{rel}","templated":true}]}}