{"id":17857,"date":"2025-03-19T17:15:59","date_gmt":"2025-03-19T16:15:59","guid":{"rendered":"https:\/\/www.vendolupulo.es\/?post_type=product&#038;p=17857"},"modified":"2026-03-14T14:56:35","modified_gmt":"2026-03-14T13:56:35","slug":"perle-lote-de-rizomas","status":"publish","type":"product","link":"https:\/\/www.vendolupulo.es\/fr\/tienda\/perle-lote-de-rizomas\/","title":{"rendered":"Perle lote de rizomas"},"content":{"rendered":"<h2><strong>Caracter\u00edsticas del Perle lote de rizomas:<\/strong><\/h2>\n<p>\u00bfQu\u00e9 es Perle lote de rizomas? Son lotes de 50 o 100 rizomas de l\u00fapulo de la variedad Perle. Este formato esta pensado para plantaciones medianas.<\/p>\n<p>La variedad Perle rizoma de primavera es adecuada para aquellos que buscan una variedad vers\u00e1til y resistente a enfermedades.<\/p>\n<p>Perle es una buena opci\u00f3n para elaboraci\u00f3n de Pilsner, doradas , ATLS , Dunkles, etc. debido a su \u00e1cido alfa entre 5 % y 9 %, su car\u00e1cter picante y el aroma moderado y agradable.<\/p>\n<h3>Caracter\u00edsticas:<\/h3>\n<p><strong>Nombre L\u00fapulo: <\/strong>Perle<\/p>\n<p><strong>Pa\u00eds:<\/strong><a href=\"https:\/\/www.vendolupulo.es\/etiqueta-producto\/alemania\/\" rel=\"tag\"> Alemania<\/a><\/p>\n<p><strong>Alfa \u00c1cidos:\u00a0<\/strong>5%-8%<\/p>\n<p><strong>Beta \u00c1cidos:\u00a0<\/strong>8%<\/p>\n<p><strong>Cohumulona:<\/strong> 28%<\/p>\n<p><strong>Aceites totales:<\/strong> 0.6-1.2 mL\/100g<\/p>\n<p><strong>Estilo de cerveza t\u00edpico: <\/strong><a href=\"https:\/\/www.vendolupulo.es\/etiqueta-producto\/lager\/\" rel=\"tag\">Lager<\/a>, <a href=\"https:\/\/www.vendolupulo.es\/etiqueta-producto\/pilsen\/\" rel=\"tag\">Pilsen<\/a>, <a href=\"https:\/\/www.vendolupulo.es\/etiqueta-producto\/stout\/\" rel=\"tag\">Stout<\/a><\/p>\n<p><strong>Sabores y aromas T\u00edpicos: <\/strong><span class=\"tagged_as\"><a href=\"https:\/\/www.vendolupulo.es\/etiqueta-producto\/especias\/\" rel=\"tag\">Especias<\/a>, <a href=\"https:\/\/www.vendolupulo.es\/etiqueta-producto\/herbal\/\" rel=\"tag\">Herbal<\/a><\/span><\/p>\n<p><strong>Posibles variedades sustitutas: <\/strong>Northern Brewer<\/p>\n<h3>Cultivo Perle rizoma de primavera:<\/h3>\n<p>En Vendolupulo ofrecemos esquejes de rizomas del 1 de marzo al 15 de mayo. Acompa\u00f1amos los esquejes con una gu\u00eda de cultivo del l\u00fapulo.<\/p>\n<p>Se puede cultivar en el terreno (recomendado) o en una maceta grande (a partir de 25 litros).<\/p>\n<p>El periodo de venta del esqueje de rizoma es del 1 de marzo al 15 de mayo.<\/p>\n<p>Este rizoma y el resto de rizomas se pueden <strong>reservar<\/strong> el resto del a\u00f1o.<\/p>\n<h4>Garant\u00eda Vendolupulo.es<\/h4>\n<p>Es importante que la planta donde se extraen los rizomas est\u00e9 libre de virus y enfermedades. Nosotros cumplimos con la normativa de la Junta de Castilla y Le\u00f3n (<a href=\"https:\/\/agriculturaganaderia.jcyl.es\/web\/es\/produccion-agricola\/semillas-viveros.html\">ver aqu\u00ed<\/a>).<\/p>\n<p>El registro Oficial de Proveedores de Castilla y Le\u00f3n (ROPCYL) y el pasaporte fitosanitario nos obliga a cumplir unos est\u00e1ndares rigurosos.<\/p>\n","protected":false},"excerpt":{"rendered":"<p>Lotes de 50 o 100 rizomas de l\u00fapulo variedad Perle. Son rizomas de esta variedad tradicional alemana, listos para plantar en primavera. Se puede reservar el resto del a\u00f1o.<\/p>\n","protected":false},"featured_media":15801,"comment_status":"open","ping_status":"closed","template":"","meta":{"_acf_changed":false},"pwb-brand":[459],"product_cat":[50],"product_tag":[73,202,206,354,135,356,361],"class_list":{"0":"post-17857","1":"product","2":"type-product","3":"status-publish","4":"has-post-thumbnail","6":"pwb-brand-vendolupulo","7":"product_cat-rizomas-de-primavera","8":"product_tag-alemania","9":"product_tag-especias","10":"product_tag-herbal","11":"product_tag-lager","12":"product_tag-multiuso","13":"product_tag-pilsen","14":"product_tag-stout","16":"first","17":"instock","18":"sale","19":"taxable","20":"shipping-taxable","21":"purchasable","22":"product-type-variable","23":"has-default-attributes"},"bundled_by":[],"bundle_stock_status":"instock","bundle_stock_quantity":null,"bundle_virtual":false,"bundle_layout":"","bundle_add_to_cart_form_location":"","bundle_editable_in_cart":false,"bundle_sold_individually_context":"","bundle_item_grouping":"","bundle_min_size":"","bundle_max_size":"","bundle_price":[],"bundled_items":[],"bundle_sell_ids":[],"aioseo_notices":[],"acf":[],"brands":[{"id":459,"name":"Vendolupulo","slug":"vendolupulo"}],"_links":{"self":[{"href":"https:\/\/www.vendolupulo.es\/fr\/wp-json\/wp\/v2\/product\/17857","targetHints":{"allow":["GET"]}}],"collection":[{"href":"https:\/\/www.vendolupulo.es\/fr\/wp-json\/wp\/v2\/product"}],"about":[{"href":"https:\/\/www.vendolupulo.es\/fr\/wp-json\/wp\/v2\/types\/product"}],"replies":[{"embeddable":true,"href":"https:\/\/www.vendolupulo.es\/fr\/wp-json\/wp\/v2\/comments?post=17857"}],"wp:featuredmedia":[{"embeddable":true,"href":"https:\/\/www.vendolupulo.es\/fr\/wp-json\/wp\/v2\/media\/15801"}],"wp:attachment":[{"href":"https:\/\/www.vendolupulo.es\/fr\/wp-json\/wp\/v2\/media?parent=17857"}],"wp:term":[{"taxonomy":"pwb-brand","embeddable":true,"href":"https:\/\/www.vendolupulo.es\/fr\/wp-json\/wp\/v2\/pwb-brand?post=17857"},{"taxonomy":"product_cat","embeddable":true,"href":"https:\/\/www.vendolupulo.es\/fr\/wp-json\/wp\/v2\/product_cat?post=17857"},{"taxonomy":"product_tag","embeddable":true,"href":"https:\/\/www.vendolupulo.es\/fr\/wp-json\/wp\/v2\/product_tag?post=17857"}],"curies":[{"name":"wp","href":"https:\/\/api.w.org\/{rel}","templated":true}]}}