{"id":2491,"date":"2016-03-08T21:41:33","date_gmt":"2016-03-08T20:41:33","guid":{"rendered":"https:\/\/www.vendolupulo.es\/?post_type=product&#038;p=2491"},"modified":"2024-01-11T23:18:28","modified_gmt":"2024-01-11T22:18:28","slug":"azada-lupulo-bellota-228-a","status":"publish","type":"product","link":"https:\/\/www.vendolupulo.es\/fr\/tienda\/azada-lupulo-bellota-228-a\/","title":{"rendered":"Azada l\u00fapulo Bellota 228-A"},"content":{"rendered":"<p>Azada de calidad marca Bellota.<\/p>\n<p>Esta azada se utiliza en el cultivo del l\u00fapulo principalmente en la fase de poda (marzo). Con los dos dientes de esta azada se sacan la parte de la planta que se poda. As\u00ed se puede pasar <a href=\"\/producto\/serrucho-poda-lupulo-4584-bellota\/\">el serrucho de poda<\/a>, para que la planta quede podada.<\/p>\n<p>Al tener dos partes, tambi\u00e9n se puede utilizar en otras fases del cultivo del l\u00fapulo. Por ejemplo, al quitar las malas hierbas y al \u00ab\u00a0emparbar\u00a0\u00bb la planta. La acci\u00f3n de \u00ab\u00a0emparbar\u00a0\u00bb es cuando se tira tierra sobre la base de la planta en mayo.<\/p>\n","protected":false},"excerpt":{"rendered":"<p>Azada que se utiliza para escarbar en la poda del l\u00fapulo, sin da\u00f1ar la planta. Por su versatilidad, tambi\u00e9n se utiliza en otras fases del ciclo de cultivo.<\/p>\n","protected":false},"featured_media":10621,"comment_status":"open","ping_status":"closed","template":"","meta":{"_acf_changed":false},"pwb-brand":[],"product_cat":[63,43],"product_tag":[],"class_list":{"0":"post-2491","1":"product","2":"type-product","3":"status-publish","4":"has-post-thumbnail","6":"product_cat-cultivo-lupulo","7":"product_cat-kit-del-cultivador","9":"first","10":"instock","11":"taxable","12":"shipping-taxable","13":"purchasable","14":"product-type-simple"},"bundled_by":[],"bundle_stock_status":"instock","bundle_stock_quantity":4,"bundle_virtual":false,"bundle_layout":"","bundle_add_to_cart_form_location":"","bundle_editable_in_cart":false,"bundle_sold_individually_context":"","bundle_item_grouping":"","bundle_min_size":"","bundle_max_size":"","bundle_price":[],"bundled_items":[],"bundle_sell_ids":[],"aioseo_notices":[],"acf":[],"brands":[],"_links":{"self":[{"href":"https:\/\/www.vendolupulo.es\/fr\/wp-json\/wp\/v2\/product\/2491","targetHints":{"allow":["GET"]}}],"collection":[{"href":"https:\/\/www.vendolupulo.es\/fr\/wp-json\/wp\/v2\/product"}],"about":[{"href":"https:\/\/www.vendolupulo.es\/fr\/wp-json\/wp\/v2\/types\/product"}],"replies":[{"embeddable":true,"href":"https:\/\/www.vendolupulo.es\/fr\/wp-json\/wp\/v2\/comments?post=2491"}],"wp:featuredmedia":[{"embeddable":true,"href":"https:\/\/www.vendolupulo.es\/fr\/wp-json\/wp\/v2\/media\/10621"}],"wp:attachment":[{"href":"https:\/\/www.vendolupulo.es\/fr\/wp-json\/wp\/v2\/media?parent=2491"}],"wp:term":[{"taxonomy":"pwb-brand","embeddable":true,"href":"https:\/\/www.vendolupulo.es\/fr\/wp-json\/wp\/v2\/pwb-brand?post=2491"},{"taxonomy":"product_cat","embeddable":true,"href":"https:\/\/www.vendolupulo.es\/fr\/wp-json\/wp\/v2\/product_cat?post=2491"},{"taxonomy":"product_tag","embeddable":true,"href":"https:\/\/www.vendolupulo.es\/fr\/wp-json\/wp\/v2\/product_tag?post=2491"}],"curies":[{"name":"wp","href":"https:\/\/api.w.org\/{rel}","templated":true}]}}