{"id":3430,"date":"2018-11-07T22:16:22","date_gmt":"2018-11-07T21:16:22","guid":{"rendered":"https:\/\/www.vendolupulo.es\/?post_type=product&#038;p=3430"},"modified":"2026-03-13T03:03:55","modified_gmt":"2026-03-13T02:03:55","slug":"rizoma-de-invierno-smaragd","status":"publish","type":"product","link":"https:\/\/www.vendolupulo.es\/fr\/tienda\/rizoma-de-invierno-smaragd\/","title":{"rendered":"Rizoma de invierno Smaragd"},"content":{"rendered":"<h2><strong>Cultivo Rizoma de invierno Smaragd:<\/strong><\/h2>\n<p>El Rizoma de invierno Smaragd est\u00e1 disponible y se planta entre noviembre y febrero.<\/p>\n<h3>Caracter\u00edsticas:<\/h3>\n<p><strong>Nombre L\u00fapulo: <\/strong>Smaragd<\/p>\n<p><strong>Pa\u00eds: <\/strong><a href=\"https:\/\/www.vendolupulo.es\/etiqueta-producto\/inglaterra\/\">Inglaterra<\/a><\/p>\n<p><strong>Alfa \u00c1cidos:\u00a0<\/strong>3.5%-5.5%<\/p>\n<p><strong>Beta \u00c1cidos:\u00a0<\/strong>5%-5.5%<\/p>\n<p><strong>Cohumulona:<\/strong> 29%-35%<\/p>\n<p><strong>Aceites totales:<\/strong> 1,6-2,6 mL\/100g<\/p>\n<p><strong>Estilo de cerveza t\u00edpico: <\/strong><a href=\"https:\/\/www.vendolupulo.es\/etiqueta-producto\/bock\/\" rel=\"tag\">Bock<\/a>, <a href=\"https:\/\/www.vendolupulo.es\/etiqueta-producto\/hefeweizen\/\" rel=\"tag\">Hefeweizen<\/a>, <a href=\"https:\/\/www.vendolupulo.es\/etiqueta-producto\/pilsen\/\" rel=\"tag\">Pilsen<\/a><\/p>\n<p><strong>Sabores y aromas T\u00edpicos: <\/strong><a href=\"https:\/\/www.vendolupulo.es\/etiqueta-producto\/floral\/\" rel=\"tag\">Floral<\/a>, <a href=\"https:\/\/www.vendolupulo.es\/etiqueta-producto\/fruta-tropical\/\" rel=\"tag\">Fruta Tropical<\/a><\/p>\n<p><strong>Posibles variedades sustitutas: <\/strong>Saphir, Opal<\/p>\n<h3>Cultivo Smaragd rizoma de invierno:<\/h3>\n<p><strong>Disponibilidad:<\/strong><\/p>\n<p>Los rizomas de invierno de l\u00fapulo estar\u00e1n disponibles desde la primera semana de noviembre a la \u00faltima semana de febrero.<\/p>\n","protected":false},"excerpt":{"rendered":"<p>Variedad de l\u00fapulo alemana Rizoma de invierno Smaragd para plantar.<\/p>\n","protected":false},"featured_media":10568,"comment_status":"open","ping_status":"closed","template":"","meta":{"_acf_changed":false},"pwb-brand":[459],"product_cat":[42],"product_tag":[73,115,358,198,201,388,356],"class_list":{"0":"post-3430","1":"product","2":"type-product","3":"status-publish","4":"has-post-thumbnail","6":"pwb-brand-vendolupulo","7":"product_cat-rizomas-de-invierno","8":"product_tag-alemania","9":"product_tag-aroma","10":"product_tag-bock","11":"product_tag-floral","12":"product_tag-fruta-tropical","13":"product_tag-hefeweizen","14":"product_tag-pilsen","16":"first","17":"outofstock","18":"taxable","19":"shipping-taxable","20":"purchasable","21":"product-type-simple"},"bundled_by":[],"bundle_stock_status":"outofstock","bundle_stock_quantity":0,"bundle_virtual":false,"bundle_layout":"","bundle_add_to_cart_form_location":"","bundle_editable_in_cart":false,"bundle_sold_individually_context":"","bundle_item_grouping":"","bundle_min_size":"","bundle_max_size":"","bundle_price":[],"bundled_items":[],"bundle_sell_ids":[],"aioseo_notices":[],"acf":[],"brands":[{"id":459,"name":"Vendolupulo","slug":"vendolupulo"}],"_links":{"self":[{"href":"https:\/\/www.vendolupulo.es\/fr\/wp-json\/wp\/v2\/product\/3430","targetHints":{"allow":["GET"]}}],"collection":[{"href":"https:\/\/www.vendolupulo.es\/fr\/wp-json\/wp\/v2\/product"}],"about":[{"href":"https:\/\/www.vendolupulo.es\/fr\/wp-json\/wp\/v2\/types\/product"}],"replies":[{"embeddable":true,"href":"https:\/\/www.vendolupulo.es\/fr\/wp-json\/wp\/v2\/comments?post=3430"}],"wp:featuredmedia":[{"embeddable":true,"href":"https:\/\/www.vendolupulo.es\/fr\/wp-json\/wp\/v2\/media\/10568"}],"wp:attachment":[{"href":"https:\/\/www.vendolupulo.es\/fr\/wp-json\/wp\/v2\/media?parent=3430"}],"wp:term":[{"taxonomy":"pwb-brand","embeddable":true,"href":"https:\/\/www.vendolupulo.es\/fr\/wp-json\/wp\/v2\/pwb-brand?post=3430"},{"taxonomy":"product_cat","embeddable":true,"href":"https:\/\/www.vendolupulo.es\/fr\/wp-json\/wp\/v2\/product_cat?post=3430"},{"taxonomy":"product_tag","embeddable":true,"href":"https:\/\/www.vendolupulo.es\/fr\/wp-json\/wp\/v2\/product_tag?post=3430"}],"curies":[{"name":"wp","href":"https:\/\/api.w.org\/{rel}","templated":true}]}}