{"id":8975,"date":"2020-12-28T01:50:19","date_gmt":"2020-12-28T00:50:19","guid":{"rendered":"https:\/\/www.vendolupulo.es\/?post_type=product&#038;p=8975"},"modified":"2026-03-14T14:59:57","modified_gmt":"2026-03-14T13:59:57","slug":"rizoma-de-invierno-triple-perle","status":"publish","type":"product","link":"https:\/\/www.vendolupulo.es\/fr\/tienda\/rizoma-de-invierno-triple-perle\/","title":{"rendered":"Rizoma de invierno Triple Perle"},"content":{"rendered":"<h2><strong>Caracter\u00edsticas Rizoma de invierno Triple Perle:<\/strong><\/h2>\n<p>Rizoma de invierno Triple Perle es una variedad de l\u00fapulo originaria de Estados Unidos que se puede cultivar en muchos tipos de climas y terrenos. Es una variedad vigorosa y con un aroma c\u00edtrico excelente.<\/p>\n<p><strong>Disponibilidad:<\/strong><\/p>\n<p>Los rizomas de invierno de l\u00fapulo estar\u00e1n disponibles desde la primera semana de noviembre a la \u00faltima semana de febrero.<\/p>\n","protected":false},"excerpt":{"rendered":"<p>Variedad de l\u00fapulo Rizoma de invierno Triple Perle para plantar.<\/p>\n","protected":false},"featured_media":10568,"comment_status":"open","ping_status":"closed","template":"","meta":{"_acf_changed":false},"pwb-brand":[459],"product_cat":[42],"product_tag":[360,115,199,202,71,201,183],"class_list":{"0":"post-8975","1":"product","2":"type-product","3":"status-publish","4":"has-post-thumbnail","6":"pwb-brand-vendolupulo","7":"product_cat-rizomas-de-invierno","8":"product_tag-apa-american-pale-ale","9":"product_tag-aroma","10":"product_tag-citrico","11":"product_tag-especias","12":"product_tag-estados-unidos","13":"product_tag-fruta-tropical","14":"product_tag-ipa-indian-pale-ale","16":"first","17":"outofstock","18":"taxable","19":"shipping-taxable","20":"purchasable","21":"product-type-simple"},"bundled_by":[],"bundle_stock_status":"outofstock","bundle_stock_quantity":0,"bundle_virtual":false,"bundle_layout":"","bundle_add_to_cart_form_location":"","bundle_editable_in_cart":false,"bundle_sold_individually_context":"","bundle_item_grouping":"","bundle_min_size":"","bundle_max_size":"","bundle_price":[],"bundled_items":[],"bundle_sell_ids":[],"aioseo_notices":[],"acf":[],"brands":[{"id":459,"name":"Vendolupulo","slug":"vendolupulo"}],"_links":{"self":[{"href":"https:\/\/www.vendolupulo.es\/fr\/wp-json\/wp\/v2\/product\/8975","targetHints":{"allow":["GET"]}}],"collection":[{"href":"https:\/\/www.vendolupulo.es\/fr\/wp-json\/wp\/v2\/product"}],"about":[{"href":"https:\/\/www.vendolupulo.es\/fr\/wp-json\/wp\/v2\/types\/product"}],"replies":[{"embeddable":true,"href":"https:\/\/www.vendolupulo.es\/fr\/wp-json\/wp\/v2\/comments?post=8975"}],"wp:featuredmedia":[{"embeddable":true,"href":"https:\/\/www.vendolupulo.es\/fr\/wp-json\/wp\/v2\/media\/10568"}],"wp:attachment":[{"href":"https:\/\/www.vendolupulo.es\/fr\/wp-json\/wp\/v2\/media?parent=8975"}],"wp:term":[{"taxonomy":"pwb-brand","embeddable":true,"href":"https:\/\/www.vendolupulo.es\/fr\/wp-json\/wp\/v2\/pwb-brand?post=8975"},{"taxonomy":"product_cat","embeddable":true,"href":"https:\/\/www.vendolupulo.es\/fr\/wp-json\/wp\/v2\/product_cat?post=8975"},{"taxonomy":"product_tag","embeddable":true,"href":"https:\/\/www.vendolupulo.es\/fr\/wp-json\/wp\/v2\/product_tag?post=8975"}],"curies":[{"name":"wp","href":"https:\/\/api.w.org\/{rel}","templated":true}]}}