{"id":17051,"date":"2025-01-31T20:09:14","date_gmt":"2025-01-31T19:09:14","guid":{"rendered":"https:\/\/www.vendolupulo.es\/?post_type=product&#038;p=17051"},"modified":"2025-04-17T12:28:36","modified_gmt":"2025-04-17T10:28:36","slug":"bioradis-tablet-micorrizas-para-el-trasplante","status":"publish","type":"product","link":"https:\/\/www.vendolupulo.es\/pt-pt\/tienda\/bioradis-tablet-micorrizas-para-el-trasplante\/","title":{"rendered":"BIORADIS TABLET &#8211; Micorrizas para el trasplante"},"content":{"rendered":"<h2>Ventajas del Bioradis Tablet:<\/h2>\n<ul>\n<li class=\"p1 bullet-checkmark\">Las tabletas de Bioradis tablet tienen muy f\u00e1cil aplicaci\u00f3n, con la dosis ya calibrada para cada rizoma o <a href=\"https:\/\/www.vendolupulo.es\/categoria-producto\/plantas-en-maceta\/\">planta de l\u00fapulo<\/a>.<\/li>\n<li class=\"p1 bullet-checkmark\">Formulaci\u00f3n dise\u00f1ada para el trasplante de le\u00f1osas o semile\u00f1osas y ornamentales. Especialmente eficaz para la familia de cannab\u00e1ceas como el l\u00fapulo.<\/li>\n<li class=\"p1 bullet-checkmark\">Aumenta la tolerancia de la planta de l\u00fapulo a la sequ\u00eda, agentes pat\u00f3genos del suelo y nematodos.<\/li>\n<li class=\"p1 bullet-checkmark\">Favorece la actividad microbiana de la rizosfera de la planta y activa ra\u00edces en el trasplante de los rizomas de l\u00fapulo.<\/li>\n<\/ul>\n<h3><strong>Modo de empleo:<\/strong><\/h3>\n<p>Colocar 1-2 comprimidos por planta o rizoma de l\u00fapulo en el hoyo de plantaci\u00f3n. El n\u00famero de comprimidos recomendado es 2, pero tambi\u00e9n va bien con 1.<br \/>\nPuede aplicarse adem\u00e1s en plantas ya establecidas, enterrando el comprimido cercano a las ra\u00edces. Regar despu\u00e9s de la aplicaci\u00f3n.<\/p>\n<h3><strong>CONTENIDO del Bioradis Tablet<\/strong>:<\/h3>\n<p>Mezcla de 5 especies de hongos micorr\u00edcicos arbusculares y 4 especies de<br \/>\nbacterias PGP del g\u00e9nero Bacillus.<\/p>\n<p>Calidad de <a href=\"https:\/\/bioera.es\">Bioera<\/a>.<\/p>\n<p>Apto para cualquier variedad de l\u00fapulo.<\/p>\n","protected":false},"excerpt":{"rendered":"<p>El Bioradis Tablet es un inoculante endomicorr\u00edcico enriquecido con rizobacterias apto para el trasplante de rizomas y plantas de l\u00fapulo.<\/p>\n","protected":false},"featured_media":17060,"comment_status":"open","ping_status":"closed","template":"","meta":{"_acf_changed":false},"pwb-brand":[432],"product_cat":[64,63],"product_tag":[461,433,434,435],"class_list":{"0":"post-17051","1":"product","2":"type-product","3":"status-publish","4":"has-post-thumbnail","6":"pwb-brand-bioera","7":"product_cat-abonos-y-turbas","8":"product_cat-cultivo-lupulo","9":"product_tag-enraizante","10":"product_tag-micorrizas","11":"product_tag-rizobacterias","12":"product_tag-trasplante","14":"first","15":"outofstock","16":"taxable","17":"shipping-taxable","18":"purchasable","19":"product-type-variable","20":"has-default-attributes"},"bundled_by":[],"bundle_stock_status":"outofstock","bundle_stock_quantity":null,"bundle_virtual":false,"bundle_layout":"","bundle_add_to_cart_form_location":"","bundle_editable_in_cart":false,"bundle_sold_individually_context":"","bundle_item_grouping":"","bundle_min_size":"","bundle_max_size":"","bundle_price":[],"bundled_items":[],"bundle_sell_ids":[],"aioseo_notices":[],"acf":[],"brands":[{"id":432,"name":"Bioera","slug":"bioera"}],"_links":{"self":[{"href":"https:\/\/www.vendolupulo.es\/pt-pt\/wp-json\/wp\/v2\/product\/17051","targetHints":{"allow":["GET"]}}],"collection":[{"href":"https:\/\/www.vendolupulo.es\/pt-pt\/wp-json\/wp\/v2\/product"}],"about":[{"href":"https:\/\/www.vendolupulo.es\/pt-pt\/wp-json\/wp\/v2\/types\/product"}],"replies":[{"embeddable":true,"href":"https:\/\/www.vendolupulo.es\/pt-pt\/wp-json\/wp\/v2\/comments?post=17051"}],"wp:featuredmedia":[{"embeddable":true,"href":"https:\/\/www.vendolupulo.es\/pt-pt\/wp-json\/wp\/v2\/media\/17060"}],"wp:attachment":[{"href":"https:\/\/www.vendolupulo.es\/pt-pt\/wp-json\/wp\/v2\/media?parent=17051"}],"wp:term":[{"taxonomy":"pwb-brand","embeddable":true,"href":"https:\/\/www.vendolupulo.es\/pt-pt\/wp-json\/wp\/v2\/pwb-brand?post=17051"},{"taxonomy":"product_cat","embeddable":true,"href":"https:\/\/www.vendolupulo.es\/pt-pt\/wp-json\/wp\/v2\/product_cat?post=17051"},{"taxonomy":"product_tag","embeddable":true,"href":"https:\/\/www.vendolupulo.es\/pt-pt\/wp-json\/wp\/v2\/product_tag?post=17051"}],"curies":[{"name":"wp","href":"https:\/\/api.w.org\/{rel}","templated":true}]}}