{"id":17089,"date":"2025-01-31T20:08:24","date_gmt":"2025-01-31T19:08:24","guid":{"rendered":"https:\/\/www.vendolupulo.es\/?post_type=product&#038;p=17089"},"modified":"2025-06-25T11:15:00","modified_gmt":"2025-06-25T09:15:00","slug":"bioradis-solex-micorrizas-y-bacterias-pgp","status":"publish","type":"product","link":"https:\/\/www.vendolupulo.es\/pt-pt\/tienda\/bioradis-solex-micorrizas-y-bacterias-pgp\/","title":{"rendered":"BIORADIS SOLEX &#8211; Micorrizas y bacterias PGP"},"content":{"rendered":"<h2>Propiedades y efectos de Bioradis Solex &#8211; Micorrizas y bacterias PGP:<\/h2>\n<ul>\n<li class=\"bullet-checkmark\">Producto concentrado y soluble de f\u00e1cil aplicaci\u00f3n. Se puede aplicar por fertirriego o pulverizaci\u00f3n.<\/li>\n<li class=\"bullet-checkmark\">Aumenta la tolerancia de la planta de l\u00fapulo a la falta de agua.<\/li>\n<li class=\"bullet-checkmark\">Aumenta la productividad del l\u00fapulo y favorece la actividad microbiana del suelo.<\/li>\n<li class=\"bullet-checkmark\">Incrementa la resistencia de la planta de l\u00fapulo a agentes pat\u00f3genos.<\/li>\n<\/ul>\n<h3>Contenido:<\/h3>\n<p>Inoculante biol\u00f3gico compuesto por 3 especies de micorrizas arbusculares y 3 especies de bacterias PGP del g\u00e9nero Bacillus.<\/p>\n<h3>Modo de empleo y dosis:<\/h3>\n<p>Aplicar disuelto en agua 2 Kg\/Ha (puede dividirse la dosis en 2 aplicaciones se 1 kg.\/Ha distanciadas 2 semanas).<\/p>\n<p><img decoding=\"async\" class=\"wp-image-17090 aligncenter\" src=\"https:\/\/www.vendolupulo.es\/wp-content\/uploads\/2024\/10\/logo-CAAE-INSUMOS-UNE-142500-01-460x460.png\" alt=\"logo CAAE\" width=\"100\" height=\"100\" srcset=\"https:\/\/www.vendolupulo.es\/wp-content\/uploads\/2024\/10\/logo-CAAE-INSUMOS-UNE-142500-01-460x460.png 460w, https:\/\/www.vendolupulo.es\/wp-content\/uploads\/2024\/10\/logo-CAAE-INSUMOS-UNE-142500-01-115x115.png 115w, https:\/\/www.vendolupulo.es\/wp-content\/uploads\/2024\/10\/logo-CAAE-INSUMOS-UNE-142500-01-231x231.png 231w, https:\/\/www.vendolupulo.es\/wp-content\/uploads\/2024\/10\/logo-CAAE-INSUMOS-UNE-142500-01-50x50.png 50w, https:\/\/www.vendolupulo.es\/wp-content\/uploads\/2024\/10\/logo-CAAE-INSUMOS-UNE-142500-01-100x100.png 100w, https:\/\/www.vendolupulo.es\/wp-content\/uploads\/2024\/10\/logo-CAAE-INSUMOS-UNE-142500-01.png 591w\" sizes=\"(max-width: 100px) 100vw, 100px\" \/><\/p>\n","protected":false},"excerpt":{"rendered":"<p>Bioestimulante con micorrizas y bacterias PGP para fertirriego o pulverizaci\u00f3n. El BIORADIS SOLEX &#8211; Micorrizas y bacterias PGP es un producto probado en el l\u00fapulo con muy buenos resultados.<\/p>\n","protected":false},"featured_media":17102,"comment_status":"open","ping_status":"closed","template":"","meta":{"_acf_changed":false},"pwb-brand":[432],"product_cat":[436,63],"product_tag":[462],"class_list":{"0":"post-17089","1":"product","2":"type-product","3":"status-publish","4":"has-post-thumbnail","6":"pwb-brand-bioera","7":"product_cat-abonos-liquidos-bioestimulantes","8":"product_cat-cultivo-lupulo","9":"product_tag-mejorador-suelo","11":"first","12":"outofstock","13":"taxable","14":"shipping-taxable","15":"purchasable","16":"product-type-simple"},"bundled_by":[],"bundle_stock_status":"outofstock","bundle_stock_quantity":0,"bundle_virtual":false,"bundle_layout":"","bundle_add_to_cart_form_location":"","bundle_editable_in_cart":false,"bundle_sold_individually_context":"","bundle_item_grouping":"","bundle_min_size":"","bundle_max_size":"","bundle_price":[],"bundled_items":[],"bundle_sell_ids":[],"aioseo_notices":[],"acf":[],"brands":[{"id":432,"name":"Bioera","slug":"bioera"}],"_links":{"self":[{"href":"https:\/\/www.vendolupulo.es\/pt-pt\/wp-json\/wp\/v2\/product\/17089","targetHints":{"allow":["GET"]}}],"collection":[{"href":"https:\/\/www.vendolupulo.es\/pt-pt\/wp-json\/wp\/v2\/product"}],"about":[{"href":"https:\/\/www.vendolupulo.es\/pt-pt\/wp-json\/wp\/v2\/types\/product"}],"replies":[{"embeddable":true,"href":"https:\/\/www.vendolupulo.es\/pt-pt\/wp-json\/wp\/v2\/comments?post=17089"}],"wp:featuredmedia":[{"embeddable":true,"href":"https:\/\/www.vendolupulo.es\/pt-pt\/wp-json\/wp\/v2\/media\/17102"}],"wp:attachment":[{"href":"https:\/\/www.vendolupulo.es\/pt-pt\/wp-json\/wp\/v2\/media?parent=17089"}],"wp:term":[{"taxonomy":"pwb-brand","embeddable":true,"href":"https:\/\/www.vendolupulo.es\/pt-pt\/wp-json\/wp\/v2\/pwb-brand?post=17089"},{"taxonomy":"product_cat","embeddable":true,"href":"https:\/\/www.vendolupulo.es\/pt-pt\/wp-json\/wp\/v2\/product_cat?post=17089"},{"taxonomy":"product_tag","embeddable":true,"href":"https:\/\/www.vendolupulo.es\/pt-pt\/wp-json\/wp\/v2\/product_tag?post=17089"}],"curies":[{"name":"wp","href":"https:\/\/api.w.org\/{rel}","templated":true}]}}