{"id":17861,"date":"2025-03-19T17:27:40","date_gmt":"2025-03-19T16:27:40","guid":{"rendered":"https:\/\/www.vendolupulo.es\/?post_type=product&#038;p=17861"},"modified":"2026-03-13T12:34:17","modified_gmt":"2026-03-13T11:34:17","slug":"styrian-golding-lote-de-rizomas","status":"publish","type":"product","link":"https:\/\/www.vendolupulo.es\/pt-pt\/tienda\/styrian-golding-lote-de-rizomas\/","title":{"rendered":"Styrian Golding lote de rizomas"},"content":{"rendered":"<h2><strong>Caracter\u00edsticas del Styrian Golding lote de rizomas:<\/strong><\/h2>\n<p>Estos lotes est\u00e1 compuestos por 50 o 100 rizomas de rizomas de primavera de la variedad de l\u00fapulo Styrian Golding, pero a un precio especial. Se env\u00eda en un formato conjunto de 50 o 100 rizomas dentro de unas macetas grandes. En esta maceta introducimos 50 o 100 rizomas de ra\u00edz limpia y protegidos por un sustrato a base de turba, humus de lombriz y perlita. Este formato esta pensado para plantaciones medianas.<\/p>\n<p>El esqueje de rizoma de la variedad Styrian Golding es una variedad de l\u00fapulo eslovena. Tambi\u00e9n se conoce con el nombre Caelia.<\/p>\n<p>La variedad de l\u00fapulo Styrian Golding se utiliza para el aroma en cervezas Extra Special Bitter, Ale, Lager, Belgian Ale. Suele tener entre 2% y 6% de alfa-\u00e1cidos.<\/p>\n<p>______________________________________________________________________________________<\/p>\n<h3>Caracter\u00edsticas:<\/h3>\n<p><strong>Nombre L\u00fapulo: <\/strong>Styrian Golding, Caelia<\/p>\n<p><strong>Pa\u00eds: <\/strong><a href=\"https:\/\/www.vendolupulo.es\/etiqueta-producto\/eslovenia\/\" rel=\"tag\">Eslovenia<\/a><\/p>\n<p><strong>Alfa \u00c1cidos:\u00a0<\/strong>2.8%-6%<\/p>\n<p><strong>Beta \u00c1cidos:\u00a0<\/strong>2%-3%<\/p>\n<p><strong>Cohumulona:<\/strong> 25%-30%<\/p>\n<p><strong>Aceites totales:<\/strong> 0.5-1 mL\/100g<\/p>\n<p><strong>Estilo de cerveza t\u00edpico: <\/strong><a href=\"https:\/\/www.vendolupulo.es\/etiqueta-producto\/lager\/\" rel=\"tag\">Lager<\/a>, <a href=\"https:\/\/www.vendolupulo.es\/etiqueta-producto\/oktoberfest\/\" rel=\"tag\">Oktoberfest<\/a>, <a href=\"https:\/\/www.vendolupulo.es\/etiqueta-producto\/pale-ale\/\" rel=\"tag\">Pale Ale<\/a><\/p>\n<p><strong>Sabores y aromas T\u00edpicos: <\/strong><span class=\"tagged_as\"> <a href=\"https:\/\/www.vendolupulo.es\/etiqueta-producto\/citrico\/\" rel=\"tag\">C\u00edtrico<\/a>, <a href=\"https:\/\/www.vendolupulo.es\/etiqueta-producto\/especias\/\" rel=\"tag\">Especias<\/a><\/span><\/p>\n<p><strong>Posibles variedades sustitutas:\u00a0<\/strong>Fuggle, Willamette<\/p>\n<h3>Cultivo Styrian Golding rizoma de primavera:<\/h3>\n<p>El esqueje de rizoma de Styrian Golding es una variedad f\u00e1cil de cultivar. Se adapta desde climas un poco c\u00e1lidos, pasando por climas continentales, hasta climas h\u00famedos. El periodo aproximado recomendado para su plantaci\u00f3n es del 1 de marzo al 15 de mayo. Su recolecci\u00f3n es sobre el 20 de agosto.<\/p>\n<p>El esqueje se planta bajo tierra y brota a los pocos d\u00edas.<\/p>\n<p>Se puede cultivar en el terreno (recomendado) o en una maceta grande (a partir de 20 litros).<\/p>\n<p>No se preocupe si no ha cultivado antes el l\u00fapulo o no ha tenido suerte antes de conocernos. Le <strong>enviamos una gu\u00eda de cultivo del l\u00fapulo<\/strong> bastante completa, de m\u00e1s de 20 p\u00e1ginas. Tambi\u00e9n tenemos nuestro correo y wasap (651415730) para cualquier duda.<\/p>\n<p>El periodo de venta del esqueje de rizoma es del 1 de marzo al 15 de mayo.<\/p>\n<p>Este rizoma y el resto de rizomas se pueden <strong>reservar<\/strong> el resto del a\u00f1o. Los puede reservar desde <a href=\"\/listado-rizomas-primavera\/\">nuestra web (aqu\u00ed)<\/a> o nos escribe a info@vendolupulo.es. La reserva si nos escribe al correo es gratuita. Desde la web, se cobra el importe del pedido y se le enviar\u00e1 la semana del 1 de marzo (ser\u00e1n los primeros en recibir los rizomas).<\/p>\n<p>______________________________________________________________________________________<\/p>\n<h4>Garant\u00eda Vendolupulo.es<\/h4>\n<p>Es importante que la planta donde se extraen los rizomas est\u00e9 libre de virus y enfermedades. Nosotros cumplimos con la normativa de la Junta de Castilla y Le\u00f3n (<a href=\"https:\/\/agriculturaganaderia.jcyl.es\/web\/es\/produccion-agricola\/semillas-viveros.html\">ver aqu\u00ed<\/a>).<\/p>\n<p>El Registro Oficial de Proveedores de vegetales de Castilla y Le\u00f3n (ROPCYL) y el pasaporte fitosanitario nos obliga a cumplir unos est\u00e1ndares rigurosos.<\/p>\n","protected":false},"excerpt":{"rendered":"<p>Puede elegir en este lote de rizomas de Styrian Golding 50 o 100 unidades. Son rizomas de l\u00fapulo para plantar en primavera. Se puede reservar el resto del a\u00f1o.<\/p>\n","protected":false},"featured_media":15801,"comment_status":"open","ping_status":"closed","template":"","meta":{"_acf_changed":false},"pwb-brand":[459],"product_cat":[50],"product_tag":[],"class_list":{"0":"post-17861","1":"product","2":"type-product","3":"status-publish","4":"has-post-thumbnail","6":"pwb-brand-vendolupulo","7":"product_cat-rizomas-de-primavera","9":"first","10":"outofstock","11":"sale","12":"taxable","13":"shipping-taxable","14":"purchasable","15":"product-type-variable","16":"has-default-attributes"},"bundled_by":[],"bundle_stock_status":"outofstock","bundle_stock_quantity":null,"bundle_virtual":false,"bundle_layout":"","bundle_add_to_cart_form_location":"","bundle_editable_in_cart":false,"bundle_sold_individually_context":"","bundle_item_grouping":"","bundle_min_size":"","bundle_max_size":"","bundle_price":[],"bundled_items":[],"bundle_sell_ids":[],"aioseo_notices":[],"acf":[],"brands":[{"id":459,"name":"Vendolupulo","slug":"vendolupulo"}],"_links":{"self":[{"href":"https:\/\/www.vendolupulo.es\/pt-pt\/wp-json\/wp\/v2\/product\/17861","targetHints":{"allow":["GET"]}}],"collection":[{"href":"https:\/\/www.vendolupulo.es\/pt-pt\/wp-json\/wp\/v2\/product"}],"about":[{"href":"https:\/\/www.vendolupulo.es\/pt-pt\/wp-json\/wp\/v2\/types\/product"}],"replies":[{"embeddable":true,"href":"https:\/\/www.vendolupulo.es\/pt-pt\/wp-json\/wp\/v2\/comments?post=17861"}],"wp:featuredmedia":[{"embeddable":true,"href":"https:\/\/www.vendolupulo.es\/pt-pt\/wp-json\/wp\/v2\/media\/15801"}],"wp:attachment":[{"href":"https:\/\/www.vendolupulo.es\/pt-pt\/wp-json\/wp\/v2\/media?parent=17861"}],"wp:term":[{"taxonomy":"pwb-brand","embeddable":true,"href":"https:\/\/www.vendolupulo.es\/pt-pt\/wp-json\/wp\/v2\/pwb-brand?post=17861"},{"taxonomy":"product_cat","embeddable":true,"href":"https:\/\/www.vendolupulo.es\/pt-pt\/wp-json\/wp\/v2\/product_cat?post=17861"},{"taxonomy":"product_tag","embeddable":true,"href":"https:\/\/www.vendolupulo.es\/pt-pt\/wp-json\/wp\/v2\/product_tag?post=17861"}],"curies":[{"name":"wp","href":"https:\/\/api.w.org\/{rel}","templated":true}]}}