{"id":18266,"date":"2025-12-17T16:31:41","date_gmt":"2025-12-17T15:31:41","guid":{"rendered":"https:\/\/www.vendolupulo.es\/?post_type=product&#038;p=18266"},"modified":"2026-01-09T02:01:35","modified_gmt":"2026-01-09T01:01:35","slug":"cascade-lupulo-en-flor","status":"publish","type":"product","link":"https:\/\/www.vendolupulo.es\/pt-pt\/tienda\/cascade-lupulo-en-flor\/","title":{"rendered":"Cascade l\u00fapulo en flor"},"content":{"rendered":"<h2><strong>Descripci\u00f3n de Cascade l\u00fapulo en flor:<\/strong><\/h2>\n<p>La variedad Cascade l\u00fapulo en flor es uno de los l\u00fapulos m\u00e1s conocidos de doble prop\u00f3sito. Definido por su sabor c\u00edtrico y a pomelo. Aporta un amargor agradable y equilibrado, pero se utiliza idealmente en adiciones tard\u00edas de l\u00fapulo para maximizar ese sabor y aroma a los c\u00edtricos, que est\u00e1n respaldados por suaves notas florales y especiadas que completan el perfil. Es el rey de las pale ales.<\/p>\n<p>Aromas: C\u00edtrico, pomelo, floral y especias.<\/p>\n<p>Los alfa-\u00e1cidos de la cosecha de 2025 para la variedad Cascade son del\u00a0 6,2%.<\/p>\n<h3>Caracter\u00edsticas:<\/h3>\n<p><strong>Nombre L\u00fapulo: <\/strong>Cascade<\/p>\n<p><strong>Pa\u00eds: <\/strong>Estados Unidos<\/p>\n<p><strong>Alfa \u00c1cidos:\u00a0<\/strong> 6,2 %<\/p>\n<p><strong>Beta \u00c1cidos: <\/strong>4.8-7.5%<\/p>\n<p><strong>Estilo de cerveza t\u00edpico:<\/strong> <a href=\"https:\/\/www.vendolupulo.es\/etiqueta-producto\/ipa-indian-pale-ale\/\">IPA <\/a><span class=\"tagged_as\"><a href=\"https:\/\/www.vendolupulo.es\/etiqueta-producto\/ipa-indian-pale-ale\/\">Indian Pale Ale<\/a>,\u00a0<a href=\"https:\/\/www.vendolupulo.es\/etiqueta-producto\/pale-ale\/\">Pale Ale<\/a><br \/>\n<\/span><\/p>\n<p><strong>Sabores y aromas T\u00edpicos:<\/strong> <a href=\"https:\/\/www.vendolupulo.es\/etiqueta-producto\/citrico\/\">C\u00edtrico<\/a>, <a href=\"https:\/\/www.vendolupulo.es\/etiqueta-producto\/floral\/\">Floral<\/a><\/p>\n<p><strong>Posibles variedades sustitutas:<\/strong> Centennial, Amarillo<\/p>\n<h3>Garant\u00eda de calidad:<\/h3>\n<p>Nuestros l\u00fapulos se entregan con todas las anal\u00edticas y certificados requeridos seg\u00fan normativa. De esta forma, los cerveceros caseros tendr\u00e1n, como las cerveceras, toda la documentaci\u00f3n necesaria para conocer la trazabilidad del producto certificado. Los homebrewers y aficionados a hacer cerveza, podr\u00e1n saber con exactitud los alfas y otros compuestos.<\/p>\n<p>Si eres una cervecera o micro-cervecer\u00eda puede <a href=\"https:\/\/www.vendolupulo.es\/contacto\/\">ponerse en contacto<\/a> para solicitar formatos de 1 a 5 kg.<\/p>\n","protected":false},"excerpt":{"rendered":"<p>Variedad Cascade l\u00fapulo en flor Cosecha 2025. <strong>6,2 % alfa-\u00e1cidos.<\/strong><\/p>\n<p>Este l\u00fapulo ha sido <strong>cultivado, cosechado y envasado en Le\u00f3n<\/strong>. El envase se realiza en bolsa met\u00e1lica con atm\u00f3sfera inerte. Producto de cercan\u00eda y comercio justo.<\/p>\n","protected":false},"featured_media":18274,"comment_status":"open","ping_status":"closed","template":"","meta":{"_acf_changed":false},"pwb-brand":[],"product_cat":[31],"product_tag":[115,359,199,71,198,183,354,352],"class_list":{"0":"post-18266","1":"product","2":"type-product","3":"status-publish","4":"has-post-thumbnail","6":"product_cat-lupulo-flor","7":"product_tag-aroma","8":"product_tag-barley-wine","9":"product_tag-citrico","10":"product_tag-estados-unidos","11":"product_tag-floral","12":"product_tag-ipa-indian-pale-ale","13":"product_tag-lager","14":"product_tag-pale-ale","16":"first","17":"outofstock","18":"taxable","19":"shipping-taxable","20":"purchasable","21":"product-type-variable","22":"has-default-attributes"},"bundled_by":[],"bundle_stock_status":"outofstock","bundle_stock_quantity":null,"bundle_virtual":false,"bundle_layout":"","bundle_add_to_cart_form_location":"","bundle_editable_in_cart":false,"bundle_sold_individually_context":"","bundle_item_grouping":"","bundle_min_size":"","bundle_max_size":"","bundle_price":[],"bundled_items":[],"bundle_sell_ids":[],"aioseo_notices":[],"acf":[],"brands":[],"_links":{"self":[{"href":"https:\/\/www.vendolupulo.es\/pt-pt\/wp-json\/wp\/v2\/product\/18266","targetHints":{"allow":["GET"]}}],"collection":[{"href":"https:\/\/www.vendolupulo.es\/pt-pt\/wp-json\/wp\/v2\/product"}],"about":[{"href":"https:\/\/www.vendolupulo.es\/pt-pt\/wp-json\/wp\/v2\/types\/product"}],"replies":[{"embeddable":true,"href":"https:\/\/www.vendolupulo.es\/pt-pt\/wp-json\/wp\/v2\/comments?post=18266"}],"wp:featuredmedia":[{"embeddable":true,"href":"https:\/\/www.vendolupulo.es\/pt-pt\/wp-json\/wp\/v2\/media\/18274"}],"wp:attachment":[{"href":"https:\/\/www.vendolupulo.es\/pt-pt\/wp-json\/wp\/v2\/media?parent=18266"}],"wp:term":[{"taxonomy":"pwb-brand","embeddable":true,"href":"https:\/\/www.vendolupulo.es\/pt-pt\/wp-json\/wp\/v2\/pwb-brand?post=18266"},{"taxonomy":"product_cat","embeddable":true,"href":"https:\/\/www.vendolupulo.es\/pt-pt\/wp-json\/wp\/v2\/product_cat?post=18266"},{"taxonomy":"product_tag","embeddable":true,"href":"https:\/\/www.vendolupulo.es\/pt-pt\/wp-json\/wp\/v2\/product_tag?post=18266"}],"curies":[{"name":"wp","href":"https:\/\/api.w.org\/{rel}","templated":true}]}}