{"id":3188,"date":"2018-01-25T17:31:15","date_gmt":"2018-01-25T16:31:15","guid":{"rendered":"https:\/\/www.vendolupulo.es\/?post_type=product&#038;p=3188"},"modified":"2026-03-13T01:24:28","modified_gmt":"2026-03-13T00:24:28","slug":"esqueje-de-rizoma-challenger","status":"publish","type":"product","link":"https:\/\/www.vendolupulo.es\/pt-pt\/tienda\/esqueje-de-rizoma-challenger\/","title":{"rendered":"Challenger rizoma de primavera"},"content":{"rendered":"<h2><strong>Descripci\u00f3n de Challenger rizoma de primavera:<\/strong><\/h2>\n<p>La variedad Challenger rizoma de primavera se adapta especialmente a climas h\u00famedos.<\/p>\n<p>Challenger es un l\u00fapulo de doble prop\u00f3sito que se puede utilizar en todas las adiciones de l\u00fapulo durante el proceso de elaboraci\u00f3n de cerveza. Los l\u00fapulos Challenger tienen descriptores de aroma que incluyen cedro, t\u00e9 verde y fruta dulce. Es una variedad vers\u00e1til.<\/p>\n<h3>Caracter\u00edsticas:<\/h3>\n<p><strong>Nombre L\u00fapulo:\u00a0<\/strong>Challenger<\/p>\n<p><strong>Pa\u00eds: <\/strong><a href=\"https:\/\/www.vendolupulo.es\/etiqueta-producto\/inglaterra\/\">Inglaterra<\/a><\/p>\n<p><strong>Alfa \u00c1cidos:\u00a0<\/strong>6.5%-9%<\/p>\n<p><strong>Beta \u00c1cidos: <\/strong>3-5%<\/p>\n<p><strong>Cohumulona:<\/strong> <span id=\"product_description\">20 &#8211; 30<\/span>%<\/p>\n<p><strong>Estilo de cerveza t\u00edpico: <\/strong><a href=\"https:\/\/www.vendolupulo.es\/etiqueta-producto\/barley-wine\/\">Barley Wine,<\/a> <a href=\"https:\/\/www.vendolupulo.es\/etiqueta-producto\/golden-ale\/\">Golden Ale<\/a>, <a href=\"https:\/\/www.vendolupulo.es\/etiqueta-producto\/imperial-stout\/\">Imperial Stout<\/a><\/p>\n<p><strong>Sabores y aromas T\u00edpicos: <\/strong><a href=\"https:\/\/www.vendolupulo.es\/etiqueta-producto\/especias\/\">Especias<\/a>, <a href=\"https:\/\/www.vendolupulo.es\/etiqueta-producto\/floralt\/\">Floral<\/a><\/p>\n<p><strong>Posibles variedades sustitutas:\u00a0<\/strong>Northern Brewer, Phoenix<\/p>\n<h3>Cultivo Challenger rizoma de primavera:<\/h3>\n<p>El esqueje de rizoma de Challenger es una variedad f\u00e1cil de cultivar. El periodo aproximado recomendado para su plantaci\u00f3n es del 15 de marzo al 10 de mayo. Su recolecci\u00f3n es sobre el 20 de agosto.<\/p>\n<p>El esqueje se planta bajo tierra y brota a las dos semanas. Enviamos instrucciones de cultivo.<\/p>\n<p>El periodo de venta del esqueje de rizoma es del 1 de marzo al 15 de mayo.<\/p>\n<p>Este y el resto de rizomas se pueden <strong>reservar<\/strong> el resto del a\u00f1o. Los puede reservar desde <a href=\"\/listado-rizomas-primavera\/\">nuestra web (aqu\u00ed)<\/a> o nos escribe a info@vendolupulo.es. La reserva si nos escribe al correo es gratuita. Desde la web, se cobra el importe del pedido y se le enviar\u00e1 la semana del 1 de marzo (ser\u00e1n los primeros en recibir los rizomas).<\/p>\n<p>______________________________________________________________________________________<\/p>\n<h4>Garant\u00eda Vendolupulo.es<\/h4>\n<p>Es importante que la planta donde se extraen los rizomas est\u00e9 libre de virus y enfermedades. Nosotros cumplimos con la normativa de la Junta de Castilla y Le\u00f3n (<a href=\"https:\/\/agriculturaganaderia.jcyl.es\/web\/es\/produccion-agricola\/semillas-viveros.html\">ver aqu\u00ed<\/a>).<\/p>\n<p>El Registro Oficial de Proveedores de vegetales de Castilla y Le\u00f3n (ROPCYL) y el pasaporte fitosanitario nos obliga a cumplir unos est\u00e1ndares rigurosos.<\/p>\n<p>&nbsp;<\/p>\n","protected":false},"excerpt":{"rendered":"<p>Rizoma de l\u00fapulo Challenger planta en maceta. Es para plantar en primavera. Se puede reservar el resto del a\u00f1o.<\/p>\n","protected":false},"featured_media":10569,"comment_status":"open","ping_status":"closed","template":"","meta":{"_acf_changed":false},"pwb-brand":[459],"product_cat":[50],"product_tag":[115,376,359,202,71,198,372,375],"class_list":{"0":"post-3188","1":"product","2":"type-product","3":"status-publish","4":"has-post-thumbnail","6":"pwb-brand-vendolupulo","7":"product_cat-rizomas-de-primavera","8":"product_tag-aroma","9":"product_tag-barely-wine","10":"product_tag-barley-wine","11":"product_tag-especias","12":"product_tag-estados-unidos","13":"product_tag-floral","14":"product_tag-golden-ale","15":"product_tag-imperial-stout","17":"first","18":"instock","19":"taxable","20":"shipping-taxable","21":"purchasable","22":"product-type-simple"},"bundled_by":[],"bundle_stock_status":"instock","bundle_stock_quantity":9,"bundle_virtual":false,"bundle_layout":"","bundle_add_to_cart_form_location":"","bundle_editable_in_cart":false,"bundle_sold_individually_context":"","bundle_item_grouping":"","bundle_min_size":"","bundle_max_size":"","bundle_price":[],"bundled_items":[],"bundle_sell_ids":[],"aioseo_notices":[],"acf":[],"brands":[{"id":459,"name":"Vendolupulo","slug":"vendolupulo"}],"_links":{"self":[{"href":"https:\/\/www.vendolupulo.es\/pt-pt\/wp-json\/wp\/v2\/product\/3188","targetHints":{"allow":["GET"]}}],"collection":[{"href":"https:\/\/www.vendolupulo.es\/pt-pt\/wp-json\/wp\/v2\/product"}],"about":[{"href":"https:\/\/www.vendolupulo.es\/pt-pt\/wp-json\/wp\/v2\/types\/product"}],"replies":[{"embeddable":true,"href":"https:\/\/www.vendolupulo.es\/pt-pt\/wp-json\/wp\/v2\/comments?post=3188"}],"wp:featuredmedia":[{"embeddable":true,"href":"https:\/\/www.vendolupulo.es\/pt-pt\/wp-json\/wp\/v2\/media\/10569"}],"wp:attachment":[{"href":"https:\/\/www.vendolupulo.es\/pt-pt\/wp-json\/wp\/v2\/media?parent=3188"}],"wp:term":[{"taxonomy":"pwb-brand","embeddable":true,"href":"https:\/\/www.vendolupulo.es\/pt-pt\/wp-json\/wp\/v2\/pwb-brand?post=3188"},{"taxonomy":"product_cat","embeddable":true,"href":"https:\/\/www.vendolupulo.es\/pt-pt\/wp-json\/wp\/v2\/product_cat?post=3188"},{"taxonomy":"product_tag","embeddable":true,"href":"https:\/\/www.vendolupulo.es\/pt-pt\/wp-json\/wp\/v2\/product_tag?post=3188"}],"curies":[{"name":"wp","href":"https:\/\/api.w.org\/{rel}","templated":true}]}}