{"id":3344,"date":"2018-06-04T01:10:33","date_gmt":"2018-06-03T23:10:33","guid":{"rendered":"https:\/\/www.vendolupulo.es\/?post_type=product&#038;p=3344"},"modified":"2025-06-01T16:48:45","modified_gmt":"2025-06-01T14:48:45","slug":"milagrum-plus","status":"publish","type":"product","link":"https:\/\/www.vendolupulo.es\/pt-pt\/tienda\/milagrum-plus\/","title":{"rendered":"Milagrum Plus"},"content":{"rendered":"<h2>Descripci\u00f3n del Milagrum Plus<\/h2>\n<p>Producto desarrollado por Agrotecnolog\u00eda Milagrum Plus es un magn\u00edfico preventivo contra el mildiu. Favorece que los cultivos desarrollen resistencia frente a los efectos adversos relacionados con ataques de hongos, como el mildiu. Mitiga los efectos de los hongos. Fortalece la pared celular con una capa nutri-protectora. Activa el sistema de defensa de la planta. Aumenta el vigor de la planta. No produce residuos. \u2022 Cero residuos Fitosanitarios. \u2022 Cero plazo de seguridad. \u2022 Cero Resistencias. \u2022 Compatible con la fauna auxiliar. <a href=\"https:\/\/www.vendolupulo.es\/wp-content\/uploads\/2018\/06\/residuos-cero-milagrum-plus.jpeg\"><img fetchpriority=\"high\" decoding=\"async\" class=\"alignnone size-full wp-image-3348\" src=\"https:\/\/www.vendolupulo.es\/wp-content\/uploads\/2018\/06\/residuos-cero-milagrum-plus.jpeg\" alt=\"\" width=\"480\" height=\"241\" srcset=\"https:\/\/www.vendolupulo.es\/wp-content\/uploads\/2018\/06\/residuos-cero-milagrum-plus.jpeg 480w, https:\/\/www.vendolupulo.es\/wp-content\/uploads\/2018\/06\/residuos-cero-milagrum-plus-300x151.jpeg 300w, https:\/\/www.vendolupulo.es\/wp-content\/uploads\/2018\/06\/residuos-cero-milagrum-plus-280x141.jpeg 280w\" sizes=\"(max-width: 480px) 100vw, 480px\" \/><\/a> Dosis: 3 cc. \/ l. Formato gande. Si quiere otro formato m\u00e1s peque\u00f1o, tenemos otros productos con botes desde 50 ml. m\u00e1s econ\u00f3micos.<\/p>\n","protected":false},"excerpt":{"rendered":"<p>Producto ecol\u00f3gico para el mildiu Milagrum Plus. Desarrolla una resistencia en la planta de l\u00fapulo para el mildiu. Cero residuos.<\/p>\n","protected":false},"featured_media":10595,"comment_status":"open","ping_status":"closed","template":"","meta":{"_acf_changed":false},"pwb-brand":[],"product_cat":[437,63],"product_tag":[413,152,147,134],"class_list":{"0":"post-3344","1":"product","2":"type-product","3":"status-publish","4":"has-post-thumbnail","6":"product_cat-bioprotectores","7":"product_cat-cultivo-lupulo","8":"product_tag-agrotecnologia","9":"product_tag-ecologico","10":"product_tag-mildiu","11":"product_tag-tratamiento-ecologico","12":"pa_brand-agrotecnologia","14":"first","15":"instock","16":"taxable","17":"shipping-taxable","18":"purchasable","19":"product-type-variable","20":"has-default-attributes"},"bundled_by":[],"bundle_stock_status":"instock","bundle_stock_quantity":null,"bundle_virtual":false,"bundle_layout":"","bundle_add_to_cart_form_location":"","bundle_editable_in_cart":false,"bundle_sold_individually_context":"","bundle_item_grouping":"","bundle_min_size":"","bundle_max_size":"","bundle_price":[],"bundled_items":[],"bundle_sell_ids":[],"aioseo_notices":[],"acf":[],"brands":[],"_links":{"self":[{"href":"https:\/\/www.vendolupulo.es\/pt-pt\/wp-json\/wp\/v2\/product\/3344","targetHints":{"allow":["GET"]}}],"collection":[{"href":"https:\/\/www.vendolupulo.es\/pt-pt\/wp-json\/wp\/v2\/product"}],"about":[{"href":"https:\/\/www.vendolupulo.es\/pt-pt\/wp-json\/wp\/v2\/types\/product"}],"replies":[{"embeddable":true,"href":"https:\/\/www.vendolupulo.es\/pt-pt\/wp-json\/wp\/v2\/comments?post=3344"}],"wp:featuredmedia":[{"embeddable":true,"href":"https:\/\/www.vendolupulo.es\/pt-pt\/wp-json\/wp\/v2\/media\/10595"}],"wp:attachment":[{"href":"https:\/\/www.vendolupulo.es\/pt-pt\/wp-json\/wp\/v2\/media?parent=3344"}],"wp:term":[{"taxonomy":"pwb-brand","embeddable":true,"href":"https:\/\/www.vendolupulo.es\/pt-pt\/wp-json\/wp\/v2\/pwb-brand?post=3344"},{"taxonomy":"product_cat","embeddable":true,"href":"https:\/\/www.vendolupulo.es\/pt-pt\/wp-json\/wp\/v2\/product_cat?post=3344"},{"taxonomy":"product_tag","embeddable":true,"href":"https:\/\/www.vendolupulo.es\/pt-pt\/wp-json\/wp\/v2\/product_tag?post=3344"}],"curies":[{"name":"wp","href":"https:\/\/api.w.org\/{rel}","templated":true}]}}