{"id":3781,"date":"2019-06-26T17:51:59","date_gmt":"2019-06-26T15:51:59","guid":{"rendered":"https:\/\/www.vendolupulo.es\/?post_type=product&#038;p=3781"},"modified":"2024-10-30T14:10:09","modified_gmt":"2024-10-30T13:10:09","slug":"ospo-vi55","status":"publish","type":"product","link":"https:\/\/www.vendolupulo.es\/pt-pt\/tienda\/ospo-vi55\/","title":{"rendered":"OSPO Vi55"},"content":{"rendered":"<div id=\"cc-m-7999303875\" class=\"j-module n j-text \">\n<h2>Descripci\u00f3n de OSPO Vi55:<\/h2>\n<p><strong>OSPO Vi55<\/strong> es un bioestimulante natural que favorece la resistencia frente a los efectos adversos relacionados con ataques de oi\u0301dios durante las primeras etapas de desarrollo del hongo.<\/p>\n<p>Tiene propiedades inmunolo\u0301gicas, cicatrizantes y bioestimulantes, y previene la condensacio\u0301n de la humedad en la superficie foliar.<\/p>\n<p>Induce el sistema de defensa (SAR) de la planta y aporta fenoles que aumentan la capacidad de respuesta al estre\u0301s bio\u0301tico y abio\u0301tico.<\/p>\n<p><strong>Cero residuos <\/strong>y no genera resistencia debido a su origen natural.<\/p>\n<p>Es totalmente natural a base de aminoa\u0301cidos libres de procedencia vegetal y protei\u0301nas residuales obtenidas de extractos de fermentacio\u0301n de microorganismos seleccionados. Es un proceso espec\u00edfico de Agrotecnolog\u00eda.<\/p>\n<p><a href=\"\/wp-content\/uploads\/OSPO-Vi55-.pdf\">Descargar ficha t\u00e9cnica OSPO Vi55<\/a><\/p>\n<\/div>\n","protected":false},"excerpt":{"rendered":"<p>El producto OSPO Vi55 se utiliza para la prevenci\u00f3n del o\u00eddio en el l\u00fapulo. Est\u00e1 probado con muy buenos resultados en nuestras plantaciones.<\/p>\n","protected":false},"featured_media":10587,"comment_status":"open","ping_status":"closed","template":"","meta":{"_acf_changed":false},"pwb-brand":[],"product_cat":[437,63],"product_tag":[178,177,148],"class_list":{"0":"post-3781","1":"product","2":"type-product","3":"status-publish","4":"has-post-thumbnail","6":"product_cat-bioprotectores","7":"product_cat-cultivo-lupulo","8":"product_tag-antioidio","9":"product_tag-biologico","10":"product_tag-oidio","11":"pa_brand-agrotecnologia","13":"first","14":"outofstock","15":"taxable","16":"shipping-taxable","17":"purchasable","18":"product-type-variable","19":"has-default-attributes"},"bundled_by":[],"bundle_stock_status":"outofstock","bundle_stock_quantity":null,"bundle_virtual":false,"bundle_layout":"","bundle_add_to_cart_form_location":"","bundle_editable_in_cart":false,"bundle_sold_individually_context":"","bundle_item_grouping":"","bundle_min_size":"","bundle_max_size":"","bundle_price":[],"bundled_items":[],"bundle_sell_ids":[],"aioseo_notices":[],"acf":[],"brands":[],"_links":{"self":[{"href":"https:\/\/www.vendolupulo.es\/pt-pt\/wp-json\/wp\/v2\/product\/3781","targetHints":{"allow":["GET"]}}],"collection":[{"href":"https:\/\/www.vendolupulo.es\/pt-pt\/wp-json\/wp\/v2\/product"}],"about":[{"href":"https:\/\/www.vendolupulo.es\/pt-pt\/wp-json\/wp\/v2\/types\/product"}],"replies":[{"embeddable":true,"href":"https:\/\/www.vendolupulo.es\/pt-pt\/wp-json\/wp\/v2\/comments?post=3781"}],"wp:featuredmedia":[{"embeddable":true,"href":"https:\/\/www.vendolupulo.es\/pt-pt\/wp-json\/wp\/v2\/media\/10587"}],"wp:attachment":[{"href":"https:\/\/www.vendolupulo.es\/pt-pt\/wp-json\/wp\/v2\/media?parent=3781"}],"wp:term":[{"taxonomy":"pwb-brand","embeddable":true,"href":"https:\/\/www.vendolupulo.es\/pt-pt\/wp-json\/wp\/v2\/pwb-brand?post=3781"},{"taxonomy":"product_cat","embeddable":true,"href":"https:\/\/www.vendolupulo.es\/pt-pt\/wp-json\/wp\/v2\/product_cat?post=3781"},{"taxonomy":"product_tag","embeddable":true,"href":"https:\/\/www.vendolupulo.es\/pt-pt\/wp-json\/wp\/v2\/product_tag?post=3781"}],"curies":[{"name":"wp","href":"https:\/\/api.w.org\/{rel}","templated":true}]}}