{"id":8821,"date":"2020-05-17T19:25:12","date_gmt":"2020-05-17T17:25:12","guid":{"rendered":"https:\/\/www.vendolupulo.es\/?post_type=product&#038;p=8821"},"modified":"2026-04-07T14:22:44","modified_gmt":"2026-04-07T12:22:44","slug":"brewers-gold-planta-en-maceta","status":"publish","type":"product","link":"https:\/\/www.vendolupulo.es\/pt-pt\/tienda\/brewers-gold-planta-en-maceta\/","title":{"rendered":"Brewer&#8217;s Gold planta en maceta"},"content":{"rendered":"<h2>Descripci\u00f3n de Brewer&#8217;s Gold planta en maceta:<\/h2>\n<p>La variedad de l\u00fapulo Brewer&#8217;s Gold planta en maceta se utiliza para el <a href=\"\/etiqueta-producto\/aroma\/\">aroma<\/a> y <a href=\"\/etiqueta-producto\/amargor\/\">amargor<\/a>.<\/p>\n<p>Tradicionalmente se ha utilizado en las cervezas lagers inglesas<span class=\"aCOpRe\">.\u00a0<\/span><\/p>\n<h3>Caracter\u00edsticas:<\/h3>\n<p><strong>Nombre L\u00fapulo:\u00a0<\/strong>Brewer&#8217;s Gold<\/p>\n<p><strong>Pa\u00eds: <\/strong><a href=\"https:\/\/www.vendolupulo.es\/etiqueta-producto\/inglaterra\/\">Inglaterra<\/a><\/p>\n<p><strong>Alfa \u00c1cidos:\u00a0<\/strong>7.1%-11.3%<\/p>\n<p><strong>Beta \u00c1cidos:\u00a0<\/strong>3.3%-6.1%<\/p>\n<p><strong>Cohumulona:<\/strong> &#8212;<\/p>\n<p><strong>Aceites totales:<\/strong> 1.96 mL\/100g<\/p>\n<p><strong>Estilo de cerveza t\u00edpico: <\/strong><a href=\"https:\/\/www.vendolupulo.es\/etiqueta-producto\/ipa-indian-pale-ale\/\">IPA<\/a>, <a href=\"https:\/\/www.vendolupulo.es\/etiqueta-producto\/lager\/\">Lager<\/a>, <a href=\"https:\/\/www.vendolupulo.es\/etiqueta-producto\/bitter\/\">Bitter,<\/a> <a href=\"https:\/\/www.vendolupulo.es\/etiqueta-producto\/pilsen\/\">Pilsen<\/a><\/p>\n<p><strong>Sabores y aromas T\u00edpicos: <\/strong><a href=\"https:\/\/www.vendolupulo.es\/etiqueta-producto\/citrico\/\">C\u00edtrico<\/a>, <a href=\"https:\/\/www.vendolupulo.es\/etiqueta-producto\/floral\/\">Floral<\/a>, <a href=\"https:\/\/www.vendolupulo.es\/etiqueta-producto\/especias\/\">Especias<\/a><\/p>\n<p><strong>Posibles variedades sustitutas: <\/strong>H3 leon\u00e9s, Northdown<\/p>\n<h3>Cultivo Brewer&#8217;s Gold planta en maceta:<\/h3>\n<p>La variedad de l\u00fapulo Brewer&#8217;s Gold planta en maceta es una variedad f\u00e1cil de cultivar.<\/p>\n<p>Su recolecci\u00f3n es sobre el 20 de agosto.<\/p>\n<p>El esqueje se planta bajo tierra y brota a las dos semanas.<\/p>\n<p>Se puede cultivar en el terreno (recomendado) o en una maceta grande (a partir de 20 litros).<\/p>\n<p>No se preocupe si no ha cultivado antes el l\u00fapulo o no ha tenido suerte antes de conocernos. Le <strong>enviamos una gu\u00eda de cultivo del l\u00fapulo<\/strong> bastante completa, de m\u00e1s de 20 p\u00e1ginas. Tambi\u00e9n tenemos nuestro correo y wasap (651415730) para cualquier duda.<\/p>\n<h4>Garant\u00eda Vendolupulo.es<\/h4>\n<p>Es importante que la planta donde se extraen los rizomas est\u00e9 libre de virus y enfermedades. Nosotros cumplimos con la normativa de la Junta de Castilla y Le\u00f3n (<a href=\"https:\/\/agriculturaganaderia.jcyl.es\/web\/es\/produccion-agricola\/semillas-viveros.html\">ver aqu\u00ed<\/a>).<\/p>\n<p>El Registro Oficial de Proveedores de vegetales de Castilla y Le\u00f3n (ROPCYL) y el pasaporte fitosanitario nos obliga a cumplir unos est\u00e1ndares rigurosos.<\/p>\n","protected":false},"excerpt":{"rendered":"<p>Planta de l\u00fapulo enraizada en maceta para trasplantar. La variedad de l\u00fapulo ingl\u00e9s Brewers Gold tiene aromas a especias y frutas del bosque.<\/p>\n","protected":false},"featured_media":10567,"comment_status":"open","ping_status":"closed","template":"","meta":{"_acf_changed":false},"pwb-brand":[459],"product_cat":[56],"product_tag":[115,202,205,72,183,352,356],"class_list":{"0":"post-8821","1":"product","2":"type-product","3":"status-publish","4":"has-post-thumbnail","6":"pwb-brand-vendolupulo","7":"product_cat-plantas-en-maceta","8":"product_tag-aroma","9":"product_tag-especias","10":"product_tag-frutas-del-bosque","11":"product_tag-inglaterra","12":"product_tag-ipa-indian-pale-ale","13":"product_tag-pale-ale","14":"product_tag-pilsen","16":"first","17":"instock","18":"taxable","19":"shipping-taxable","20":"purchasable","21":"product-type-simple"},"bundled_by":[],"bundle_stock_status":"instock","bundle_stock_quantity":2,"bundle_virtual":false,"bundle_layout":"","bundle_add_to_cart_form_location":"","bundle_editable_in_cart":false,"bundle_sold_individually_context":"","bundle_item_grouping":"","bundle_min_size":"","bundle_max_size":"","bundle_price":[],"bundled_items":[],"bundle_sell_ids":[],"aioseo_notices":[],"acf":[],"brands":[{"id":459,"name":"Vendolupulo","slug":"vendolupulo"}],"_links":{"self":[{"href":"https:\/\/www.vendolupulo.es\/pt-pt\/wp-json\/wp\/v2\/product\/8821","targetHints":{"allow":["GET"]}}],"collection":[{"href":"https:\/\/www.vendolupulo.es\/pt-pt\/wp-json\/wp\/v2\/product"}],"about":[{"href":"https:\/\/www.vendolupulo.es\/pt-pt\/wp-json\/wp\/v2\/types\/product"}],"replies":[{"embeddable":true,"href":"https:\/\/www.vendolupulo.es\/pt-pt\/wp-json\/wp\/v2\/comments?post=8821"}],"wp:featuredmedia":[{"embeddable":true,"href":"https:\/\/www.vendolupulo.es\/pt-pt\/wp-json\/wp\/v2\/media\/10567"}],"wp:attachment":[{"href":"https:\/\/www.vendolupulo.es\/pt-pt\/wp-json\/wp\/v2\/media?parent=8821"}],"wp:term":[{"taxonomy":"pwb-brand","embeddable":true,"href":"https:\/\/www.vendolupulo.es\/pt-pt\/wp-json\/wp\/v2\/pwb-brand?post=8821"},{"taxonomy":"product_cat","embeddable":true,"href":"https:\/\/www.vendolupulo.es\/pt-pt\/wp-json\/wp\/v2\/product_cat?post=8821"},{"taxonomy":"product_tag","embeddable":true,"href":"https:\/\/www.vendolupulo.es\/pt-pt\/wp-json\/wp\/v2\/product_tag?post=8821"}],"curies":[{"name":"wp","href":"https:\/\/api.w.org\/{rel}","templated":true}]}}